{"id":1558,"date":"2015-05-22T13:07:23","date_gmt":"2015-05-22T11:07:23","guid":{"rendered":"http:\/\/help.langlion.com\/pl\/?page_id=1558"},"modified":"2023-03-22T12:37:20","modified_gmt":"2023-03-22T11:37:20","slug":"kursant-zostal-zapisany-do-grupy-w-trakcie-trwania-kursu-dlaczego-system-liczy-mu-obecnosc-od-poczatku-kursu-w-grupie","status":"publish","type":"page","link":"http:\/\/help.langlion.com\/pl\/porady-i-wskazowki\/kursant-zostal-zapisany-do-grupy-w-trakcie-trwania-kursu-dlaczego-system-liczy-mu-obecnosc-od-poczatku-kursu-w-grupie\/","title":{"rendered":"Kursant zosta\u0142 zapisany do grupy w trakcie trwania kursu. Dlaczego system liczy mu obecno\u015b\u0107 od pocz\u0105tku kursu w grupie?"},"content":{"rendered":"","protected":false},"excerpt":{"rendered":"","protected":false},"author":1,"featured_media":0,"parent":11,"menu_order":0,"comment_status":"open","ping_status":"closed","template":"","meta":{"_acf_changed":false,"footnotes":""},"categories":[13],"tags":[],"class_list":["post-1558","page","type-page","status-publish","hentry","category-porady-i-wskazowki"],"acf":[],"_links":{"self":[{"href":"http:\/\/help.langlion.com\/pl\/wp-json\/wp\/v2\/pages\/1558"}],"collection":[{"href":"http:\/\/help.langlion.com\/pl\/wp-json\/wp\/v2\/pages"}],"about":[{"href":"http:\/\/help.langlion.com\/pl\/wp-json\/wp\/v2\/types\/page"}],"author":[{"embeddable":true,"href":"http:\/\/help.langlion.com\/pl\/wp-json\/wp\/v2\/users\/1"}],"replies":[{"embeddable":true,"href":"http:\/\/help.langlion.com\/pl\/wp-json\/wp\/v2\/comments?post=1558"}],"version-history":[{"count":10,"href":"http:\/\/help.langlion.com\/pl\/wp-json\/wp\/v2\/pages\/1558\/revisions"}],"predecessor-version":[{"id":7764,"href":"http:\/\/help.langlion.com\/pl\/wp-json\/wp\/v2\/pages\/1558\/revisions\/7764"}],"up":[{"embeddable":true,"href":"http:\/\/help.langlion.com\/pl\/wp-json\/wp\/v2\/pages\/11"}],"wp:attachment":[{"href":"http:\/\/help.langlion.com\/pl\/wp-json\/wp\/v2\/media?parent=1558"}],"wp:term":[{"taxonomy":"category","embeddable":true,"href":"http:\/\/help.langlion.com\/pl\/wp-json\/wp\/v2\/categories?post=1558"},{"taxonomy":"post_tag","embeddable":true,"href":"http:\/\/help.langlion.com\/pl\/wp-json\/wp\/v2\/tags?post=1558"}],"curies":[{"name":"wp","href":"https:\/\/api.w.org\/{rel}","templated":true}]}}