{"id":1689,"date":"2015-07-10T09:01:38","date_gmt":"2015-07-10T07:01:38","guid":{"rendered":"http:\/\/help.langlion.com\/pl\/?page_id=1689"},"modified":"2023-04-26T12:53:02","modified_gmt":"2023-04-26T10:53:02","slug":"podczas-dodawania-wplaty-firmie-pojawia-sie-komunikat-ze-transakcja-nie-moze-zostac-poprawnie-zaksiegowana-i-zapisuje-sie-na-0-zl","status":"publish","type":"page","link":"http:\/\/help.langlion.com\/pl\/porady-i-wskazowki\/podczas-dodawania-wplaty-firmie-pojawia-sie-komunikat-ze-transakcja-nie-moze-zostac-poprawnie-zaksiegowana-i-zapisuje-sie-na-0-zl\/","title":{"rendered":"Podczas dodawania wp\u0142aty firmie, pojawia si\u0119 komunikat, informuj\u0105cy o tym, \u017ce transakcja nie mo\u017ce zosta\u0107 poprawnie zaksi\u0119gowana i zapisuje si\u0119 na 0 z\u0142"},"content":{"rendered":"","protected":false},"excerpt":{"rendered":"","protected":false},"author":1,"featured_media":0,"parent":11,"menu_order":0,"comment_status":"open","ping_status":"closed","template":"","meta":{"_acf_changed":false,"footnotes":""},"categories":[13],"tags":[],"class_list":["post-1689","page","type-page","status-publish","hentry","category-porady-i-wskazowki"],"acf":[],"_links":{"self":[{"href":"http:\/\/help.langlion.com\/pl\/wp-json\/wp\/v2\/pages\/1689"}],"collection":[{"href":"http:\/\/help.langlion.com\/pl\/wp-json\/wp\/v2\/pages"}],"about":[{"href":"http:\/\/help.langlion.com\/pl\/wp-json\/wp\/v2\/types\/page"}],"author":[{"embeddable":true,"href":"http:\/\/help.langlion.com\/pl\/wp-json\/wp\/v2\/users\/1"}],"replies":[{"embeddable":true,"href":"http:\/\/help.langlion.com\/pl\/wp-json\/wp\/v2\/comments?post=1689"}],"version-history":[{"count":17,"href":"http:\/\/help.langlion.com\/pl\/wp-json\/wp\/v2\/pages\/1689\/revisions"}],"predecessor-version":[{"id":7937,"href":"http:\/\/help.langlion.com\/pl\/wp-json\/wp\/v2\/pages\/1689\/revisions\/7937"}],"up":[{"embeddable":true,"href":"http:\/\/help.langlion.com\/pl\/wp-json\/wp\/v2\/pages\/11"}],"wp:attachment":[{"href":"http:\/\/help.langlion.com\/pl\/wp-json\/wp\/v2\/media?parent=1689"}],"wp:term":[{"taxonomy":"category","embeddable":true,"href":"http:\/\/help.langlion.com\/pl\/wp-json\/wp\/v2\/categories?post=1689"},{"taxonomy":"post_tag","embeddable":true,"href":"http:\/\/help.langlion.com\/pl\/wp-json\/wp\/v2\/tags?post=1689"}],"curies":[{"name":"wp","href":"https:\/\/api.w.org\/{rel}","templated":true}]}}