{"id":1766,"date":"2015-05-29T16:43:56","date_gmt":"2015-05-29T14:43:56","guid":{"rendered":"http:\/\/help.langlion.com\/pl\/?page_id=1766"},"modified":"2023-03-21T14:06:04","modified_gmt":"2023-03-21T13:06:04","slug":"klikam-na-przycisk-przypominajacy-haslo-lecz-pojawia-sie-komunikat-o-nieprzypisanym-do-konta-adresie-e-mail","status":"publish","type":"page","link":"http:\/\/help.langlion.com\/pl\/porady-i-wskazowki\/klikam-na-przycisk-przypominajacy-haslo-lecz-pojawia-sie-komunikat-o-nieprzypisanym-do-konta-adresie-e-mail\/","title":{"rendered":"Klikam na przycisk przypominaj\u0105cy has\u0142o, lecz pojawia si\u0119 komunikat o nieprzypisanym do konta adresie e-mail"},"content":{"rendered":"","protected":false},"excerpt":{"rendered":"","protected":false},"author":1,"featured_media":0,"parent":11,"menu_order":0,"comment_status":"open","ping_status":"closed","template":"","meta":{"_acf_changed":false,"footnotes":""},"categories":[13,3],"tags":[],"class_list":["post-1766","page","type-page","status-publish","hentry","category-porady-i-wskazowki","category-sekretariat"],"acf":[],"_links":{"self":[{"href":"http:\/\/help.langlion.com\/pl\/wp-json\/wp\/v2\/pages\/1766"}],"collection":[{"href":"http:\/\/help.langlion.com\/pl\/wp-json\/wp\/v2\/pages"}],"about":[{"href":"http:\/\/help.langlion.com\/pl\/wp-json\/wp\/v2\/types\/page"}],"author":[{"embeddable":true,"href":"http:\/\/help.langlion.com\/pl\/wp-json\/wp\/v2\/users\/1"}],"replies":[{"embeddable":true,"href":"http:\/\/help.langlion.com\/pl\/wp-json\/wp\/v2\/comments?post=1766"}],"version-history":[{"count":11,"href":"http:\/\/help.langlion.com\/pl\/wp-json\/wp\/v2\/pages\/1766\/revisions"}],"predecessor-version":[{"id":7744,"href":"http:\/\/help.langlion.com\/pl\/wp-json\/wp\/v2\/pages\/1766\/revisions\/7744"}],"up":[{"embeddable":true,"href":"http:\/\/help.langlion.com\/pl\/wp-json\/wp\/v2\/pages\/11"}],"wp:attachment":[{"href":"http:\/\/help.langlion.com\/pl\/wp-json\/wp\/v2\/media?parent=1766"}],"wp:term":[{"taxonomy":"category","embeddable":true,"href":"http:\/\/help.langlion.com\/pl\/wp-json\/wp\/v2\/categories?post=1766"},{"taxonomy":"post_tag","embeddable":true,"href":"http:\/\/help.langlion.com\/pl\/wp-json\/wp\/v2\/tags?post=1766"}],"curies":[{"name":"wp","href":"https:\/\/api.w.org\/{rel}","templated":true}]}}