{"id":2870,"date":"2016-01-19T14:21:09","date_gmt":"2016-01-19T13:21:09","guid":{"rendered":"http:\/\/help.langlion.com\/pl\/?page_id=2870"},"modified":"2017-12-28T13:27:00","modified_gmt":"2017-12-28T12:27:00","slug":"nie-mozna-zalogowac-sie-do-platformy-pojawia-sie-komunikat-o-braku-zabezpieczen","status":"publish","type":"page","link":"http:\/\/help.langlion.com\/pl\/porady-i-wskazowki\/nie-mozna-zalogowac-sie-do-platformy-pojawia-sie-komunikat-o-braku-zabezpieczen\/","title":{"rendered":"Nie mo\u017cna zalogowa\u0107 si\u0119 do platformy, pojawia si\u0119 komunikat o braku zabezpiecze\u0144"},"content":{"rendered":"","protected":false},"excerpt":{"rendered":"","protected":false},"author":1,"featured_media":0,"parent":11,"menu_order":0,"comment_status":"closed","ping_status":"closed","template":"","meta":{"_acf_changed":false,"footnotes":""},"categories":[13],"tags":[],"class_list":["post-2870","page","type-page","status-publish","hentry","category-porady-i-wskazowki"],"acf":[],"_links":{"self":[{"href":"http:\/\/help.langlion.com\/pl\/wp-json\/wp\/v2\/pages\/2870"}],"collection":[{"href":"http:\/\/help.langlion.com\/pl\/wp-json\/wp\/v2\/pages"}],"about":[{"href":"http:\/\/help.langlion.com\/pl\/wp-json\/wp\/v2\/types\/page"}],"author":[{"embeddable":true,"href":"http:\/\/help.langlion.com\/pl\/wp-json\/wp\/v2\/users\/1"}],"replies":[{"embeddable":true,"href":"http:\/\/help.langlion.com\/pl\/wp-json\/wp\/v2\/comments?post=2870"}],"version-history":[{"count":5,"href":"http:\/\/help.langlion.com\/pl\/wp-json\/wp\/v2\/pages\/2870\/revisions"}],"predecessor-version":[{"id":4457,"href":"http:\/\/help.langlion.com\/pl\/wp-json\/wp\/v2\/pages\/2870\/revisions\/4457"}],"up":[{"embeddable":true,"href":"http:\/\/help.langlion.com\/pl\/wp-json\/wp\/v2\/pages\/11"}],"wp:attachment":[{"href":"http:\/\/help.langlion.com\/pl\/wp-json\/wp\/v2\/media?parent=2870"}],"wp:term":[{"taxonomy":"category","embeddable":true,"href":"http:\/\/help.langlion.com\/pl\/wp-json\/wp\/v2\/categories?post=2870"},{"taxonomy":"post_tag","embeddable":true,"href":"http:\/\/help.langlion.com\/pl\/wp-json\/wp\/v2\/tags?post=2870"}],"curies":[{"name":"wp","href":"https:\/\/api.w.org\/{rel}","templated":true}]}}