{"id":2924,"date":"2016-01-28T16:09:32","date_gmt":"2016-01-28T15:09:32","guid":{"rendered":"http:\/\/help.langlion.com\/pl\/?page_id=2924"},"modified":"2023-05-02T15:20:18","modified_gmt":"2023-05-02T13:20:18","slug":"uzytkownicy-zglaszaja-mi-ze-nie-otrzymuja-wiadomosci-e-mail","status":"publish","type":"page","link":"http:\/\/help.langlion.com\/pl\/porady-i-wskazowki\/uzytkownicy-zglaszaja-mi-ze-nie-otrzymuja-wiadomosci-e-mail\/","title":{"rendered":"U\u017cytkownicy zg\u0142aszaj\u0105 mi, \u017ce nie otrzymuj\u0105 wiadomo\u015bci e-mail i sms"},"content":{"rendered":"","protected":false},"excerpt":{"rendered":"","protected":false},"author":1,"featured_media":0,"parent":11,"menu_order":0,"comment_status":"closed","ping_status":"closed","template":"","meta":{"_acf_changed":false,"footnotes":""},"categories":[13,3],"tags":[],"class_list":["post-2924","page","type-page","status-publish","hentry","category-porady-i-wskazowki","category-sekretariat"],"acf":[],"_links":{"self":[{"href":"http:\/\/help.langlion.com\/pl\/wp-json\/wp\/v2\/pages\/2924"}],"collection":[{"href":"http:\/\/help.langlion.com\/pl\/wp-json\/wp\/v2\/pages"}],"about":[{"href":"http:\/\/help.langlion.com\/pl\/wp-json\/wp\/v2\/types\/page"}],"author":[{"embeddable":true,"href":"http:\/\/help.langlion.com\/pl\/wp-json\/wp\/v2\/users\/1"}],"replies":[{"embeddable":true,"href":"http:\/\/help.langlion.com\/pl\/wp-json\/wp\/v2\/comments?post=2924"}],"version-history":[{"count":7,"href":"http:\/\/help.langlion.com\/pl\/wp-json\/wp\/v2\/pages\/2924\/revisions"}],"predecessor-version":[{"id":7948,"href":"http:\/\/help.langlion.com\/pl\/wp-json\/wp\/v2\/pages\/2924\/revisions\/7948"}],"up":[{"embeddable":true,"href":"http:\/\/help.langlion.com\/pl\/wp-json\/wp\/v2\/pages\/11"}],"wp:attachment":[{"href":"http:\/\/help.langlion.com\/pl\/wp-json\/wp\/v2\/media?parent=2924"}],"wp:term":[{"taxonomy":"category","embeddable":true,"href":"http:\/\/help.langlion.com\/pl\/wp-json\/wp\/v2\/categories?post=2924"},{"taxonomy":"post_tag","embeddable":true,"href":"http:\/\/help.langlion.com\/pl\/wp-json\/wp\/v2\/tags?post=2924"}],"curies":[{"name":"wp","href":"https:\/\/api.w.org\/{rel}","templated":true}]}}