{"id":2931,"date":"2016-02-02T14:59:20","date_gmt":"2016-02-02T13:59:20","guid":{"rendered":"http:\/\/help.langlion.com\/pl\/?page_id=2931"},"modified":"2023-05-02T15:25:16","modified_gmt":"2023-05-02T13:25:16","slug":"w-jaki-sposob-zmienic-nazwe-wystawcy-faktury-system-generuje-faktury-z-informacja-administrator-administrator","status":"publish","type":"page","link":"http:\/\/help.langlion.com\/pl\/porady-i-wskazowki\/w-jaki-sposob-zmienic-nazwe-wystawcy-faktury-system-generuje-faktury-z-informacja-administrator-administrator\/","title":{"rendered":"W jaki spos\u00f3b zmieni\u0107 nazw\u0119 wystawcy faktury? System generuje faktury z informacj\u0105 Administrator Administrator"},"content":{"rendered":"","protected":false},"excerpt":{"rendered":"","protected":false},"author":1,"featured_media":0,"parent":11,"menu_order":0,"comment_status":"closed","ping_status":"closed","template":"","meta":{"_acf_changed":false,"footnotes":""},"categories":[6,13,3],"tags":[],"class_list":["post-2931","page","type-page","status-publish","hentry","category-finanse","category-porady-i-wskazowki","category-sekretariat"],"acf":[],"_links":{"self":[{"href":"http:\/\/help.langlion.com\/pl\/wp-json\/wp\/v2\/pages\/2931"}],"collection":[{"href":"http:\/\/help.langlion.com\/pl\/wp-json\/wp\/v2\/pages"}],"about":[{"href":"http:\/\/help.langlion.com\/pl\/wp-json\/wp\/v2\/types\/page"}],"author":[{"embeddable":true,"href":"http:\/\/help.langlion.com\/pl\/wp-json\/wp\/v2\/users\/1"}],"replies":[{"embeddable":true,"href":"http:\/\/help.langlion.com\/pl\/wp-json\/wp\/v2\/comments?post=2931"}],"version-history":[{"count":6,"href":"http:\/\/help.langlion.com\/pl\/wp-json\/wp\/v2\/pages\/2931\/revisions"}],"predecessor-version":[{"id":7950,"href":"http:\/\/help.langlion.com\/pl\/wp-json\/wp\/v2\/pages\/2931\/revisions\/7950"}],"up":[{"embeddable":true,"href":"http:\/\/help.langlion.com\/pl\/wp-json\/wp\/v2\/pages\/11"}],"wp:attachment":[{"href":"http:\/\/help.langlion.com\/pl\/wp-json\/wp\/v2\/media?parent=2931"}],"wp:term":[{"taxonomy":"category","embeddable":true,"href":"http:\/\/help.langlion.com\/pl\/wp-json\/wp\/v2\/categories?post=2931"},{"taxonomy":"post_tag","embeddable":true,"href":"http:\/\/help.langlion.com\/pl\/wp-json\/wp\/v2\/tags?post=2931"}],"curies":[{"name":"wp","href":"https:\/\/api.w.org\/{rel}","templated":true}]}}