{"id":2945,"date":"2016-02-03T15:26:35","date_gmt":"2016-02-03T14:26:35","guid":{"rendered":"http:\/\/help.langlion.com\/pl\/?page_id=2945"},"modified":"2025-05-02T14:01:18","modified_gmt":"2025-05-02T12:01:18","slug":"system-uklada-zajecia-w-grupie-zupelnie-od-innej-daty-niz-zdefiniowana","status":"publish","type":"page","link":"http:\/\/help.langlion.com\/pl\/porady-i-wskazowki\/system-uklada-zajecia-w-grupie-zupelnie-od-innej-daty-niz-zdefiniowana\/","title":{"rendered":"System uk\u0142ada zaj\u0119cia w grupie zupe\u0142nie od innej daty ni\u017c zdefiniowana"},"content":{"rendered":"","protected":false},"excerpt":{"rendered":"","protected":false},"author":1,"featured_media":0,"parent":11,"menu_order":0,"comment_status":"closed","ping_status":"closed","template":"","meta":{"_acf_changed":false,"footnotes":""},"categories":[13,3],"tags":[],"class_list":["post-2945","page","type-page","status-publish","hentry","category-porady-i-wskazowki","category-sekretariat"],"acf":[],"_links":{"self":[{"href":"http:\/\/help.langlion.com\/pl\/wp-json\/wp\/v2\/pages\/2945"}],"collection":[{"href":"http:\/\/help.langlion.com\/pl\/wp-json\/wp\/v2\/pages"}],"about":[{"href":"http:\/\/help.langlion.com\/pl\/wp-json\/wp\/v2\/types\/page"}],"author":[{"embeddable":true,"href":"http:\/\/help.langlion.com\/pl\/wp-json\/wp\/v2\/users\/1"}],"replies":[{"embeddable":true,"href":"http:\/\/help.langlion.com\/pl\/wp-json\/wp\/v2\/comments?post=2945"}],"version-history":[{"count":5,"href":"http:\/\/help.langlion.com\/pl\/wp-json\/wp\/v2\/pages\/2945\/revisions"}],"predecessor-version":[{"id":7720,"href":"http:\/\/help.langlion.com\/pl\/wp-json\/wp\/v2\/pages\/2945\/revisions\/7720"}],"up":[{"embeddable":true,"href":"http:\/\/help.langlion.com\/pl\/wp-json\/wp\/v2\/pages\/11"}],"wp:attachment":[{"href":"http:\/\/help.langlion.com\/pl\/wp-json\/wp\/v2\/media?parent=2945"}],"wp:term":[{"taxonomy":"category","embeddable":true,"href":"http:\/\/help.langlion.com\/pl\/wp-json\/wp\/v2\/categories?post=2945"},{"taxonomy":"post_tag","embeddable":true,"href":"http:\/\/help.langlion.com\/pl\/wp-json\/wp\/v2\/tags?post=2945"}],"curies":[{"name":"wp","href":"https:\/\/api.w.org\/{rel}","templated":true}]}}