{"id":3072,"date":"2016-03-15T10:17:42","date_gmt":"2016-03-15T09:17:42","guid":{"rendered":"http:\/\/help.langlion.com\/pl\/?page_id=3072"},"modified":"2024-03-26T13:32:50","modified_gmt":"2024-03-26T12:32:50","slug":"lektor-nie-ma-mozliwosci-sprawdzenia-obecnosci-kursanta-oraz-zaznaczenia-ewentualnego-braku-pracy-domowej","status":"publish","type":"page","link":"http:\/\/help.langlion.com\/pl\/porady-i-wskazowki\/lektor-nie-ma-mozliwosci-sprawdzenia-obecnosci-kursanta-oraz-zaznaczenia-ewentualnego-braku-pracy-domowej\/","title":{"rendered":"Lektor nie mo\u017ce sprawdzi\u0107 obecno\u015bci i pracy domowej &#8211; na li\u015bcie uczni\u00f3w w grupie nie ma \u017cadnych nazwisk"},"content":{"rendered":"","protected":false},"excerpt":{"rendered":"","protected":false},"author":1,"featured_media":0,"parent":11,"menu_order":0,"comment_status":"closed","ping_status":"closed","template":"","meta":{"_acf_changed":false,"footnotes":""},"categories":[11,13,3],"tags":[],"class_list":["post-3072","page","type-page","status-publish","hentry","category-e-dziennik","category-porady-i-wskazowki","category-sekretariat"],"acf":[],"_links":{"self":[{"href":"http:\/\/help.langlion.com\/pl\/wp-json\/wp\/v2\/pages\/3072"}],"collection":[{"href":"http:\/\/help.langlion.com\/pl\/wp-json\/wp\/v2\/pages"}],"about":[{"href":"http:\/\/help.langlion.com\/pl\/wp-json\/wp\/v2\/types\/page"}],"author":[{"embeddable":true,"href":"http:\/\/help.langlion.com\/pl\/wp-json\/wp\/v2\/users\/1"}],"replies":[{"embeddable":true,"href":"http:\/\/help.langlion.com\/pl\/wp-json\/wp\/v2\/comments?post=3072"}],"version-history":[{"count":13,"href":"http:\/\/help.langlion.com\/pl\/wp-json\/wp\/v2\/pages\/3072\/revisions"}],"predecessor-version":[{"id":8862,"href":"http:\/\/help.langlion.com\/pl\/wp-json\/wp\/v2\/pages\/3072\/revisions\/8862"}],"up":[{"embeddable":true,"href":"http:\/\/help.langlion.com\/pl\/wp-json\/wp\/v2\/pages\/11"}],"wp:attachment":[{"href":"http:\/\/help.langlion.com\/pl\/wp-json\/wp\/v2\/media?parent=3072"}],"wp:term":[{"taxonomy":"category","embeddable":true,"href":"http:\/\/help.langlion.com\/pl\/wp-json\/wp\/v2\/categories?post=3072"},{"taxonomy":"post_tag","embeddable":true,"href":"http:\/\/help.langlion.com\/pl\/wp-json\/wp\/v2\/tags?post=3072"}],"curies":[{"name":"wp","href":"https:\/\/api.w.org\/{rel}","templated":true}]}}