{"id":3975,"date":"2016-12-08T14:56:00","date_gmt":"2016-12-08T13:56:00","guid":{"rendered":"http:\/\/help.langlion.com\/pl\/?page_id=3975"},"modified":"2025-10-09T14:39:49","modified_gmt":"2025-10-09T12:39:49","slug":"usuwanie-odwolywanie-zajec-w-grupie","status":"publish","type":"page","link":"http:\/\/help.langlion.com\/pl\/przewodniki-po-systemie\/sekretariat\/sekretariat-grupy\/usuwanie-odwolywanie-zajec-w-grupie\/","title":{"rendered":"Usuwanie\/odwo\u0142ywanie zaj\u0119\u0107 w grupie"},"content":{"rendered":"","protected":false},"excerpt":{"rendered":"","protected":false},"author":1,"featured_media":0,"parent":8518,"menu_order":0,"comment_status":"closed","ping_status":"closed","template":"","meta":{"_acf_changed":false,"footnotes":""},"categories":[13,3],"tags":[162,161],"class_list":["post-3975","page","type-page","status-publish","hentry","category-porady-i-wskazowki","category-sekretariat","tag-odwolywanie-zajec","tag-usuwanie-zajec"],"acf":[],"_links":{"self":[{"href":"http:\/\/help.langlion.com\/pl\/wp-json\/wp\/v2\/pages\/3975"}],"collection":[{"href":"http:\/\/help.langlion.com\/pl\/wp-json\/wp\/v2\/pages"}],"about":[{"href":"http:\/\/help.langlion.com\/pl\/wp-json\/wp\/v2\/types\/page"}],"author":[{"embeddable":true,"href":"http:\/\/help.langlion.com\/pl\/wp-json\/wp\/v2\/users\/1"}],"replies":[{"embeddable":true,"href":"http:\/\/help.langlion.com\/pl\/wp-json\/wp\/v2\/comments?post=3975"}],"version-history":[{"count":15,"href":"http:\/\/help.langlion.com\/pl\/wp-json\/wp\/v2\/pages\/3975\/revisions"}],"predecessor-version":[{"id":9780,"href":"http:\/\/help.langlion.com\/pl\/wp-json\/wp\/v2\/pages\/3975\/revisions\/9780"}],"up":[{"embeddable":true,"href":"http:\/\/help.langlion.com\/pl\/wp-json\/wp\/v2\/pages\/8518"}],"wp:attachment":[{"href":"http:\/\/help.langlion.com\/pl\/wp-json\/wp\/v2\/media?parent=3975"}],"wp:term":[{"taxonomy":"category","embeddable":true,"href":"http:\/\/help.langlion.com\/pl\/wp-json\/wp\/v2\/categories?post=3975"},{"taxonomy":"post_tag","embeddable":true,"href":"http:\/\/help.langlion.com\/pl\/wp-json\/wp\/v2\/tags?post=3975"}],"curies":[{"name":"wp","href":"https:\/\/api.w.org\/{rel}","templated":true}]}}