{"id":3987,"date":"2016-12-14T15:10:13","date_gmt":"2016-12-14T14:10:13","guid":{"rendered":"http:\/\/help.langlion.com\/pl\/?page_id=3987"},"modified":"2025-11-10T15:54:05","modified_gmt":"2025-11-10T14:54:05","slug":"jak-odwolac-wszystkie-zajecia-w-danym-dniu","status":"publish","type":"page","link":"http:\/\/help.langlion.com\/pl\/przewodniki-po-systemie\/sekretariat\/sekretariat-kalendarz\/jak-odwolac-wszystkie-zajecia-w-danym-dniu\/","title":{"rendered":"Odwo\u0142anie wszystkich zaj\u0119\u0107 w danym dniu"},"content":{"rendered":"","protected":false},"excerpt":{"rendered":"","protected":false},"author":1,"featured_media":0,"parent":8526,"menu_order":2,"comment_status":"closed","ping_status":"closed","template":"","meta":{"_acf_changed":false,"footnotes":""},"categories":[13,3],"tags":[155,156],"class_list":["post-3987","page","type-page","status-publish","hentry","category-porady-i-wskazowki","category-sekretariat","tag-odwolanie-wszystkich-zajec-z-danego-dnia","tag-odwolanie-zajec"],"acf":[],"_links":{"self":[{"href":"http:\/\/help.langlion.com\/pl\/wp-json\/wp\/v2\/pages\/3987"}],"collection":[{"href":"http:\/\/help.langlion.com\/pl\/wp-json\/wp\/v2\/pages"}],"about":[{"href":"http:\/\/help.langlion.com\/pl\/wp-json\/wp\/v2\/types\/page"}],"author":[{"embeddable":true,"href":"http:\/\/help.langlion.com\/pl\/wp-json\/wp\/v2\/users\/1"}],"replies":[{"embeddable":true,"href":"http:\/\/help.langlion.com\/pl\/wp-json\/wp\/v2\/comments?post=3987"}],"version-history":[{"count":11,"href":"http:\/\/help.langlion.com\/pl\/wp-json\/wp\/v2\/pages\/3987\/revisions"}],"predecessor-version":[{"id":10003,"href":"http:\/\/help.langlion.com\/pl\/wp-json\/wp\/v2\/pages\/3987\/revisions\/10003"}],"up":[{"embeddable":true,"href":"http:\/\/help.langlion.com\/pl\/wp-json\/wp\/v2\/pages\/8526"}],"wp:attachment":[{"href":"http:\/\/help.langlion.com\/pl\/wp-json\/wp\/v2\/media?parent=3987"}],"wp:term":[{"taxonomy":"category","embeddable":true,"href":"http:\/\/help.langlion.com\/pl\/wp-json\/wp\/v2\/categories?post=3987"},{"taxonomy":"post_tag","embeddable":true,"href":"http:\/\/help.langlion.com\/pl\/wp-json\/wp\/v2\/tags?post=3987"}],"curies":[{"name":"wp","href":"https:\/\/api.w.org\/{rel}","templated":true}]}}