{"id":3996,"date":"2017-01-02T16:12:44","date_gmt":"2017-01-02T15:12:44","guid":{"rendered":"http:\/\/help.langlion.com\/pl\/?page_id=3996"},"modified":"2025-11-26T16:07:13","modified_gmt":"2025-11-26T15:07:13","slug":"ewidencja-kosztow-zwiazanych-z-prowadzeniem-szkoly","status":"publish","type":"page","link":"http:\/\/help.langlion.com\/pl\/przewodniki-po-systemie\/finanse\/finanse-koszty\/ewidencja-kosztow-zwiazanych-z-prowadzeniem-szkoly\/","title":{"rendered":"Ewidencja koszt\u00f3w, zwi\u0105zanych z prowadzeniem szko\u0142y"},"content":{"rendered":"","protected":false},"excerpt":{"rendered":"","protected":false},"author":1,"featured_media":0,"parent":8751,"menu_order":0,"comment_status":"closed","ping_status":"closed","template":"","meta":{"_acf_changed":false,"footnotes":""},"categories":[6,13],"tags":[],"class_list":["post-3996","page","type-page","status-publish","hentry","category-finanse","category-porady-i-wskazowki"],"acf":[],"_links":{"self":[{"href":"http:\/\/help.langlion.com\/pl\/wp-json\/wp\/v2\/pages\/3996"}],"collection":[{"href":"http:\/\/help.langlion.com\/pl\/wp-json\/wp\/v2\/pages"}],"about":[{"href":"http:\/\/help.langlion.com\/pl\/wp-json\/wp\/v2\/types\/page"}],"author":[{"embeddable":true,"href":"http:\/\/help.langlion.com\/pl\/wp-json\/wp\/v2\/users\/1"}],"replies":[{"embeddable":true,"href":"http:\/\/help.langlion.com\/pl\/wp-json\/wp\/v2\/comments?post=3996"}],"version-history":[{"count":12,"href":"http:\/\/help.langlion.com\/pl\/wp-json\/wp\/v2\/pages\/3996\/revisions"}],"predecessor-version":[{"id":10407,"href":"http:\/\/help.langlion.com\/pl\/wp-json\/wp\/v2\/pages\/3996\/revisions\/10407"}],"up":[{"embeddable":true,"href":"http:\/\/help.langlion.com\/pl\/wp-json\/wp\/v2\/pages\/8751"}],"wp:attachment":[{"href":"http:\/\/help.langlion.com\/pl\/wp-json\/wp\/v2\/media?parent=3996"}],"wp:term":[{"taxonomy":"category","embeddable":true,"href":"http:\/\/help.langlion.com\/pl\/wp-json\/wp\/v2\/categories?post=3996"},{"taxonomy":"post_tag","embeddable":true,"href":"http:\/\/help.langlion.com\/pl\/wp-json\/wp\/v2\/tags?post=3996"}],"curies":[{"name":"wp","href":"https:\/\/api.w.org\/{rel}","templated":true}]}}