{"id":4201,"date":"2017-05-19T16:40:11","date_gmt":"2017-05-19T14:40:11","guid":{"rendered":"http:\/\/help.langlion.com\/pl\/?page_id=4201"},"modified":"2025-11-24T14:24:09","modified_gmt":"2025-11-24T13:24:09","slug":"wspolplatnosc-kursanta-w-grupie-firmowej","status":"publish","type":"page","link":"http:\/\/help.langlion.com\/pl\/przewodniki-po-systemie\/sekretariat\/sekretariat-firmy\/wspolplatnosc-kursanta-w-grupie-firmowej\/","title":{"rendered":"Wsp\u00f3\u0142p\u0142atno\u015b\u0107 kursanta w grupie firmowej"},"content":{"rendered":"","protected":false},"excerpt":{"rendered":"","protected":false},"author":1,"featured_media":0,"parent":8528,"menu_order":5,"comment_status":"closed","ping_status":"closed","template":"","meta":{"_acf_changed":false,"footnotes":""},"categories":[13,3],"tags":[217],"class_list":["post-4201","page","type-page","status-publish","hentry","category-porady-i-wskazowki","category-sekretariat","tag-wspolplatnosc-kursanta"],"acf":[],"_links":{"self":[{"href":"http:\/\/help.langlion.com\/pl\/wp-json\/wp\/v2\/pages\/4201"}],"collection":[{"href":"http:\/\/help.langlion.com\/pl\/wp-json\/wp\/v2\/pages"}],"about":[{"href":"http:\/\/help.langlion.com\/pl\/wp-json\/wp\/v2\/types\/page"}],"author":[{"embeddable":true,"href":"http:\/\/help.langlion.com\/pl\/wp-json\/wp\/v2\/users\/1"}],"replies":[{"embeddable":true,"href":"http:\/\/help.langlion.com\/pl\/wp-json\/wp\/v2\/comments?post=4201"}],"version-history":[{"count":11,"href":"http:\/\/help.langlion.com\/pl\/wp-json\/wp\/v2\/pages\/4201\/revisions"}],"predecessor-version":[{"id":10054,"href":"http:\/\/help.langlion.com\/pl\/wp-json\/wp\/v2\/pages\/4201\/revisions\/10054"}],"up":[{"embeddable":true,"href":"http:\/\/help.langlion.com\/pl\/wp-json\/wp\/v2\/pages\/8528"}],"wp:attachment":[{"href":"http:\/\/help.langlion.com\/pl\/wp-json\/wp\/v2\/media?parent=4201"}],"wp:term":[{"taxonomy":"category","embeddable":true,"href":"http:\/\/help.langlion.com\/pl\/wp-json\/wp\/v2\/categories?post=4201"},{"taxonomy":"post_tag","embeddable":true,"href":"http:\/\/help.langlion.com\/pl\/wp-json\/wp\/v2\/tags?post=4201"}],"curies":[{"name":"wp","href":"https:\/\/api.w.org\/{rel}","templated":true}]}}