{"id":4657,"date":"2018-06-05T16:26:08","date_gmt":"2018-06-05T14:26:08","guid":{"rendered":"http:\/\/help.langlion.com\/pl\/?page_id=4657"},"modified":"2025-11-25T11:10:41","modified_gmt":"2025-11-25T10:10:41","slug":"zmiana-kolejnosci-i-widocznosci-pol","status":"publish","type":"page","link":"http:\/\/help.langlion.com\/pl\/przewodniki-po-systemie\/sekretariat\/sekretariat-ustawienia\/zmiana-kolejnosci-i-widocznosci-pol\/","title":{"rendered":"Zmiana kolejno\u015bci i widoczno\u015bci p\u00f3l"},"content":{"rendered":"","protected":false},"excerpt":{"rendered":"","protected":false},"author":1,"featured_media":0,"parent":8540,"menu_order":0,"comment_status":"closed","ping_status":"closed","template":"","meta":{"_acf_changed":false,"footnotes":""},"categories":[13,3],"tags":[141,142],"class_list":["post-4657","page","type-page","status-publish","hentry","category-porady-i-wskazowki","category-sekretariat","tag-formularze","tag-ustawienia-formularzy"],"acf":[],"_links":{"self":[{"href":"http:\/\/help.langlion.com\/pl\/wp-json\/wp\/v2\/pages\/4657"}],"collection":[{"href":"http:\/\/help.langlion.com\/pl\/wp-json\/wp\/v2\/pages"}],"about":[{"href":"http:\/\/help.langlion.com\/pl\/wp-json\/wp\/v2\/types\/page"}],"author":[{"embeddable":true,"href":"http:\/\/help.langlion.com\/pl\/wp-json\/wp\/v2\/users\/1"}],"replies":[{"embeddable":true,"href":"http:\/\/help.langlion.com\/pl\/wp-json\/wp\/v2\/comments?post=4657"}],"version-history":[{"count":11,"href":"http:\/\/help.langlion.com\/pl\/wp-json\/wp\/v2\/pages\/4657\/revisions"}],"predecessor-version":[{"id":10161,"href":"http:\/\/help.langlion.com\/pl\/wp-json\/wp\/v2\/pages\/4657\/revisions\/10161"}],"up":[{"embeddable":true,"href":"http:\/\/help.langlion.com\/pl\/wp-json\/wp\/v2\/pages\/8540"}],"wp:attachment":[{"href":"http:\/\/help.langlion.com\/pl\/wp-json\/wp\/v2\/media?parent=4657"}],"wp:term":[{"taxonomy":"category","embeddable":true,"href":"http:\/\/help.langlion.com\/pl\/wp-json\/wp\/v2\/categories?post=4657"},{"taxonomy":"post_tag","embeddable":true,"href":"http:\/\/help.langlion.com\/pl\/wp-json\/wp\/v2\/tags?post=4657"}],"curies":[{"name":"wp","href":"https:\/\/api.w.org\/{rel}","templated":true}]}}