{"id":6529,"date":"2022-05-05T11:13:33","date_gmt":"2022-05-05T09:13:33","guid":{"rendered":"https:\/\/help.langlion.com\/pl\/?page_id=6529"},"modified":"2026-02-13T11:51:06","modified_gmt":"2026-02-13T10:51:06","slug":"payu-platnosc-subskrypcyjna","status":"publish","type":"page","link":"http:\/\/help.langlion.com\/pl\/przewodniki-po-systemie\/platnosci-online\/payu-platnosc-subskrypcyjna\/","title":{"rendered":"PayU &#8211; p\u0142atno\u015b\u0107 subskrypcyjna"},"content":{"rendered":"","protected":false},"excerpt":{"rendered":"","protected":false},"author":1,"featured_media":0,"parent":4419,"menu_order":2,"comment_status":"closed","ping_status":"closed","template":"","meta":{"_acf_changed":false,"footnotes":""},"categories":[23],"tags":[],"class_list":["post-6529","page","type-page","status-publish","hentry","category-platnosci-online"],"acf":[],"_links":{"self":[{"href":"http:\/\/help.langlion.com\/pl\/wp-json\/wp\/v2\/pages\/6529"}],"collection":[{"href":"http:\/\/help.langlion.com\/pl\/wp-json\/wp\/v2\/pages"}],"about":[{"href":"http:\/\/help.langlion.com\/pl\/wp-json\/wp\/v2\/types\/page"}],"author":[{"embeddable":true,"href":"http:\/\/help.langlion.com\/pl\/wp-json\/wp\/v2\/users\/1"}],"replies":[{"embeddable":true,"href":"http:\/\/help.langlion.com\/pl\/wp-json\/wp\/v2\/comments?post=6529"}],"version-history":[{"count":26,"href":"http:\/\/help.langlion.com\/pl\/wp-json\/wp\/v2\/pages\/6529\/revisions"}],"predecessor-version":[{"id":10792,"href":"http:\/\/help.langlion.com\/pl\/wp-json\/wp\/v2\/pages\/6529\/revisions\/10792"}],"up":[{"embeddable":true,"href":"http:\/\/help.langlion.com\/pl\/wp-json\/wp\/v2\/pages\/4419"}],"wp:attachment":[{"href":"http:\/\/help.langlion.com\/pl\/wp-json\/wp\/v2\/media?parent=6529"}],"wp:term":[{"taxonomy":"category","embeddable":true,"href":"http:\/\/help.langlion.com\/pl\/wp-json\/wp\/v2\/categories?post=6529"},{"taxonomy":"post_tag","embeddable":true,"href":"http:\/\/help.langlion.com\/pl\/wp-json\/wp\/v2\/tags?post=6529"}],"curies":[{"name":"wp","href":"https:\/\/api.w.org\/{rel}","templated":true}]}}