{"id":8084,"date":"2023-11-02T12:34:33","date_gmt":"2023-11-02T11:34:33","guid":{"rendered":"https:\/\/help.langlion.com\/pl\/?page_id=8084"},"modified":"2025-11-25T13:25:11","modified_gmt":"2025-11-25T12:25:11","slug":"odwolywanie-zajec-przez-kursantow","status":"publish","type":"page","link":"http:\/\/help.langlion.com\/pl\/przewodniki-po-systemie\/sekretariat\/sekretariat-ustawienia\/odwolywanie-zajec-przez-kursantow\/","title":{"rendered":"Odwo\u0142ywanie zaj\u0119\u0107 przez kursant\u00f3w"},"content":{"rendered":"","protected":false},"excerpt":{"rendered":"","protected":false},"author":6,"featured_media":0,"parent":8540,"menu_order":0,"comment_status":"closed","ping_status":"closed","template":"","meta":{"_acf_changed":false,"footnotes":""},"categories":[14,3],"tags":[180],"class_list":["post-8084","page","type-page","status-publish","hentry","category-nowe-funkcje","category-sekretariat","tag-odwolywanie-zajec-przez-kursantow"],"acf":[],"_links":{"self":[{"href":"http:\/\/help.langlion.com\/pl\/wp-json\/wp\/v2\/pages\/8084"}],"collection":[{"href":"http:\/\/help.langlion.com\/pl\/wp-json\/wp\/v2\/pages"}],"about":[{"href":"http:\/\/help.langlion.com\/pl\/wp-json\/wp\/v2\/types\/page"}],"author":[{"embeddable":true,"href":"http:\/\/help.langlion.com\/pl\/wp-json\/wp\/v2\/users\/6"}],"replies":[{"embeddable":true,"href":"http:\/\/help.langlion.com\/pl\/wp-json\/wp\/v2\/comments?post=8084"}],"version-history":[{"count":31,"href":"http:\/\/help.langlion.com\/pl\/wp-json\/wp\/v2\/pages\/8084\/revisions"}],"predecessor-version":[{"id":10222,"href":"http:\/\/help.langlion.com\/pl\/wp-json\/wp\/v2\/pages\/8084\/revisions\/10222"}],"up":[{"embeddable":true,"href":"http:\/\/help.langlion.com\/pl\/wp-json\/wp\/v2\/pages\/8540"}],"wp:attachment":[{"href":"http:\/\/help.langlion.com\/pl\/wp-json\/wp\/v2\/media?parent=8084"}],"wp:term":[{"taxonomy":"category","embeddable":true,"href":"http:\/\/help.langlion.com\/pl\/wp-json\/wp\/v2\/categories?post=8084"},{"taxonomy":"post_tag","embeddable":true,"href":"http:\/\/help.langlion.com\/pl\/wp-json\/wp\/v2\/tags?post=8084"}],"curies":[{"name":"wp","href":"https:\/\/api.w.org\/{rel}","templated":true}]}}