{"id":9240,"date":"2024-10-14T17:30:53","date_gmt":"2024-10-14T15:30:53","guid":{"rendered":"https:\/\/help.langlion.com\/pl\/?page_id=9240"},"modified":"2024-10-21T14:00:27","modified_gmt":"2024-10-21T12:00:27","slug":"zajecia-udostepnianie-zajec-lektora-do-kalendarza-google","status":"publish","type":"page","link":"http:\/\/help.langlion.com\/pl\/przewodniki-po-systemie\/e-dziennik\/panel-lektora\/e-dziennik-panel-lektora-zakladka-zajecia\/zajecia-udostepnianie-zajec-lektora-do-kalendarza-google\/","title":{"rendered":"Zaj\u0119cia &#8211; Udost\u0119pnianie zaj\u0119\u0107 lektora do Kalendarza Google"},"content":{"rendered":"","protected":false},"excerpt":{"rendered":"","protected":false},"author":10,"featured_media":0,"parent":1374,"menu_order":0,"comment_status":"closed","ping_status":"closed","template":"","meta":{"_acf_changed":false,"footnotes":""},"categories":[11],"tags":[25,21,57],"class_list":["post-9240","page","type-page","status-publish","hentry","category-e-dziennik","tag-e-dziennik","tag-lektor","tag-panel-lektora"],"acf":[],"_links":{"self":[{"href":"http:\/\/help.langlion.com\/pl\/wp-json\/wp\/v2\/pages\/9240"}],"collection":[{"href":"http:\/\/help.langlion.com\/pl\/wp-json\/wp\/v2\/pages"}],"about":[{"href":"http:\/\/help.langlion.com\/pl\/wp-json\/wp\/v2\/types\/page"}],"author":[{"embeddable":true,"href":"http:\/\/help.langlion.com\/pl\/wp-json\/wp\/v2\/users\/10"}],"replies":[{"embeddable":true,"href":"http:\/\/help.langlion.com\/pl\/wp-json\/wp\/v2\/comments?post=9240"}],"version-history":[{"count":5,"href":"http:\/\/help.langlion.com\/pl\/wp-json\/wp\/v2\/pages\/9240\/revisions"}],"predecessor-version":[{"id":9353,"href":"http:\/\/help.langlion.com\/pl\/wp-json\/wp\/v2\/pages\/9240\/revisions\/9353"}],"up":[{"embeddable":true,"href":"http:\/\/help.langlion.com\/pl\/wp-json\/wp\/v2\/pages\/1374"}],"wp:attachment":[{"href":"http:\/\/help.langlion.com\/pl\/wp-json\/wp\/v2\/media?parent=9240"}],"wp:term":[{"taxonomy":"category","embeddable":true,"href":"http:\/\/help.langlion.com\/pl\/wp-json\/wp\/v2\/categories?post=9240"},{"taxonomy":"post_tag","embeddable":true,"href":"http:\/\/help.langlion.com\/pl\/wp-json\/wp\/v2\/tags?post=9240"}],"curies":[{"name":"wp","href":"https:\/\/api.w.org\/{rel}","templated":true}]}}