{"id":136,"date":"2014-08-06T12:29:10","date_gmt":"2014-08-06T10:29:10","guid":{"rendered":"http:\/\/help.langlion.com\/?page_id=136"},"modified":"2025-11-06T11:38:01","modified_gmt":"2025-11-06T10:38:01","slug":"dostepnosc-sali","status":"publish","type":"page","link":"https:\/\/help.langlion.com\/pl\/przewodniki-po-systemie\/sekretariat\/sekretariat-sale\/dostepnosc-sali\/","title":{"rendered":"Dost\u0119pno\u015b\u0107 sali"},"content":{"rendered":"","protected":false},"excerpt":{"rendered":"","protected":false},"author":1,"featured_media":0,"parent":8524,"menu_order":0,"comment_status":"open","ping_status":"closed","template":"","meta":{"_acf_changed":false,"footnotes":""},"categories":[3],"tags":[137],"class_list":["post-136","page","type-page","status-publish","hentry","category-sekretariat","tag-dostepnosc-sali"],"acf":[],"_links":{"self":[{"href":"https:\/\/help.langlion.com\/pl\/wp-json\/wp\/v2\/pages\/136"}],"collection":[{"href":"https:\/\/help.langlion.com\/pl\/wp-json\/wp\/v2\/pages"}],"about":[{"href":"https:\/\/help.langlion.com\/pl\/wp-json\/wp\/v2\/types\/page"}],"author":[{"embeddable":true,"href":"https:\/\/help.langlion.com\/pl\/wp-json\/wp\/v2\/users\/1"}],"replies":[{"embeddable":true,"href":"https:\/\/help.langlion.com\/pl\/wp-json\/wp\/v2\/comments?post=136"}],"version-history":[{"count":22,"href":"https:\/\/help.langlion.com\/pl\/wp-json\/wp\/v2\/pages\/136\/revisions"}],"predecessor-version":[{"id":9893,"href":"https:\/\/help.langlion.com\/pl\/wp-json\/wp\/v2\/pages\/136\/revisions\/9893"}],"up":[{"embeddable":true,"href":"https:\/\/help.langlion.com\/pl\/wp-json\/wp\/v2\/pages\/8524"}],"wp:attachment":[{"href":"https:\/\/help.langlion.com\/pl\/wp-json\/wp\/v2\/media?parent=136"}],"wp:term":[{"taxonomy":"category","embeddable":true,"href":"https:\/\/help.langlion.com\/pl\/wp-json\/wp\/v2\/categories?post=136"},{"taxonomy":"post_tag","embeddable":true,"href":"https:\/\/help.langlion.com\/pl\/wp-json\/wp\/v2\/tags?post=136"}],"curies":[{"name":"wp","href":"https:\/\/api.w.org\/{rel}","templated":true}]}}