{"id":1584,"date":"2015-05-22T13:07:23","date_gmt":"2015-05-22T11:07:23","guid":{"rendered":"http:\/\/help.langlion.com\/pl\/?page_id=1584"},"modified":"2023-03-30T11:46:57","modified_gmt":"2023-03-30T09:46:57","slug":"zapisane-przez-lektora-szczegoly-zajec-nie-sa-widoczne-na-koncie-kursanta-i-rodzica","status":"publish","type":"page","link":"https:\/\/help.langlion.com\/pl\/porady-i-wskazowki\/zapisane-przez-lektora-szczegoly-zajec-nie-sa-widoczne-na-koncie-kursanta-i-rodzica\/","title":{"rendered":"Zapisane przez lektora szczeg\u00f3\u0142y zaj\u0119\u0107 nie s\u0105 widoczne na koncie kursanta i rodzica"},"content":{"rendered":"","protected":false},"excerpt":{"rendered":"","protected":false},"author":1,"featured_media":0,"parent":11,"menu_order":0,"comment_status":"open","ping_status":"closed","template":"","meta":{"_acf_changed":false,"footnotes":""},"categories":[13],"tags":[],"class_list":["post-1584","page","type-page","status-publish","hentry","category-porady-i-wskazowki"],"acf":[],"_links":{"self":[{"href":"https:\/\/help.langlion.com\/pl\/wp-json\/wp\/v2\/pages\/1584"}],"collection":[{"href":"https:\/\/help.langlion.com\/pl\/wp-json\/wp\/v2\/pages"}],"about":[{"href":"https:\/\/help.langlion.com\/pl\/wp-json\/wp\/v2\/types\/page"}],"author":[{"embeddable":true,"href":"https:\/\/help.langlion.com\/pl\/wp-json\/wp\/v2\/users\/1"}],"replies":[{"embeddable":true,"href":"https:\/\/help.langlion.com\/pl\/wp-json\/wp\/v2\/comments?post=1584"}],"version-history":[{"count":5,"href":"https:\/\/help.langlion.com\/pl\/wp-json\/wp\/v2\/pages\/1584\/revisions"}],"predecessor-version":[{"id":7818,"href":"https:\/\/help.langlion.com\/pl\/wp-json\/wp\/v2\/pages\/1584\/revisions\/7818"}],"up":[{"embeddable":true,"href":"https:\/\/help.langlion.com\/pl\/wp-json\/wp\/v2\/pages\/11"}],"wp:attachment":[{"href":"https:\/\/help.langlion.com\/pl\/wp-json\/wp\/v2\/media?parent=1584"}],"wp:term":[{"taxonomy":"category","embeddable":true,"href":"https:\/\/help.langlion.com\/pl\/wp-json\/wp\/v2\/categories?post=1584"},{"taxonomy":"post_tag","embeddable":true,"href":"https:\/\/help.langlion.com\/pl\/wp-json\/wp\/v2\/tags?post=1584"}],"curies":[{"name":"wp","href":"https:\/\/api.w.org\/{rel}","templated":true}]}}