{"id":1588,"date":"2015-05-22T13:07:22","date_gmt":"2015-05-22T11:07:22","guid":{"rendered":"http:\/\/help.langlion.com\/pl\/?page_id=1588"},"modified":"2024-03-26T14:08:42","modified_gmt":"2024-03-26T13:08:42","slug":"nie-wysylaja-sie-powiadomienia-z-platformy-powiadomienia-dla-zdarzen-systemowych-sa-skonfigurowane","status":"publish","type":"page","link":"https:\/\/help.langlion.com\/pl\/porady-i-wskazowki\/nie-wysylaja-sie-powiadomienia-z-platformy-powiadomienia-dla-zdarzen-systemowych-sa-skonfigurowane\/","title":{"rendered":"Nie wysy\u0142aj\u0105 si\u0119 powiadomienia i maile z platformy. Powiadomienia dla zdarze\u0144 systemowych s\u0105 skonfigurowane"},"content":{"rendered":"","protected":false},"excerpt":{"rendered":"","protected":false},"author":1,"featured_media":0,"parent":11,"menu_order":0,"comment_status":"open","ping_status":"closed","template":"","meta":{"_acf_changed":false,"footnotes":""},"categories":[13],"tags":[],"class_list":["post-1588","page","type-page","status-publish","hentry","category-porady-i-wskazowki"],"acf":[],"_links":{"self":[{"href":"https:\/\/help.langlion.com\/pl\/wp-json\/wp\/v2\/pages\/1588"}],"collection":[{"href":"https:\/\/help.langlion.com\/pl\/wp-json\/wp\/v2\/pages"}],"about":[{"href":"https:\/\/help.langlion.com\/pl\/wp-json\/wp\/v2\/types\/page"}],"author":[{"embeddable":true,"href":"https:\/\/help.langlion.com\/pl\/wp-json\/wp\/v2\/users\/1"}],"replies":[{"embeddable":true,"href":"https:\/\/help.langlion.com\/pl\/wp-json\/wp\/v2\/comments?post=1588"}],"version-history":[{"count":15,"href":"https:\/\/help.langlion.com\/pl\/wp-json\/wp\/v2\/pages\/1588\/revisions"}],"predecessor-version":[{"id":8869,"href":"https:\/\/help.langlion.com\/pl\/wp-json\/wp\/v2\/pages\/1588\/revisions\/8869"}],"up":[{"embeddable":true,"href":"https:\/\/help.langlion.com\/pl\/wp-json\/wp\/v2\/pages\/11"}],"wp:attachment":[{"href":"https:\/\/help.langlion.com\/pl\/wp-json\/wp\/v2\/media?parent=1588"}],"wp:term":[{"taxonomy":"category","embeddable":true,"href":"https:\/\/help.langlion.com\/pl\/wp-json\/wp\/v2\/categories?post=1588"},{"taxonomy":"post_tag","embeddable":true,"href":"https:\/\/help.langlion.com\/pl\/wp-json\/wp\/v2\/tags?post=1588"}],"curies":[{"name":"wp","href":"https:\/\/api.w.org\/{rel}","templated":true}]}}