{"id":1590,"date":"2015-05-22T13:07:22","date_gmt":"2015-05-22T11:07:22","guid":{"rendered":"http:\/\/help.langlion.com\/pl\/?page_id=1590"},"modified":"2023-04-21T14:00:37","modified_gmt":"2023-04-21T12:00:37","slug":"podczas-wystawiania-fakturykpkwumowy-kursanta-pojawia-sie-komunikat-o-braku-obowiazujacej-numeracji-chociaz-numeracja-jest-zdefiniowana","status":"publish","type":"page","link":"https:\/\/help.langlion.com\/pl\/porady-i-wskazowki\/podczas-wystawiania-fakturykpkwumowy-kursanta-pojawia-sie-komunikat-o-braku-obowiazujacej-numeracji-chociaz-numeracja-jest-zdefiniowana\/","title":{"rendered":"Podczas wystawiania faktury\/kp\/kw\/umowy kursanta pojawia si\u0119 komunikat o braku obowi\u0105zuj\u0105cej numeracji, chocia\u017c numeracja jest zdefiniowana"},"content":{"rendered":"","protected":false},"excerpt":{"rendered":"","protected":false},"author":1,"featured_media":0,"parent":11,"menu_order":0,"comment_status":"open","ping_status":"closed","template":"","meta":{"_acf_changed":false,"footnotes":""},"categories":[13],"tags":[],"class_list":["post-1590","page","type-page","status-publish","hentry","category-porady-i-wskazowki"],"acf":[],"_links":{"self":[{"href":"https:\/\/help.langlion.com\/pl\/wp-json\/wp\/v2\/pages\/1590"}],"collection":[{"href":"https:\/\/help.langlion.com\/pl\/wp-json\/wp\/v2\/pages"}],"about":[{"href":"https:\/\/help.langlion.com\/pl\/wp-json\/wp\/v2\/types\/page"}],"author":[{"embeddable":true,"href":"https:\/\/help.langlion.com\/pl\/wp-json\/wp\/v2\/users\/1"}],"replies":[{"embeddable":true,"href":"https:\/\/help.langlion.com\/pl\/wp-json\/wp\/v2\/comments?post=1590"}],"version-history":[{"count":13,"href":"https:\/\/help.langlion.com\/pl\/wp-json\/wp\/v2\/pages\/1590\/revisions"}],"predecessor-version":[{"id":7914,"href":"https:\/\/help.langlion.com\/pl\/wp-json\/wp\/v2\/pages\/1590\/revisions\/7914"}],"up":[{"embeddable":true,"href":"https:\/\/help.langlion.com\/pl\/wp-json\/wp\/v2\/pages\/11"}],"wp:attachment":[{"href":"https:\/\/help.langlion.com\/pl\/wp-json\/wp\/v2\/media?parent=1590"}],"wp:term":[{"taxonomy":"category","embeddable":true,"href":"https:\/\/help.langlion.com\/pl\/wp-json\/wp\/v2\/categories?post=1590"},{"taxonomy":"post_tag","embeddable":true,"href":"https:\/\/help.langlion.com\/pl\/wp-json\/wp\/v2\/tags?post=1590"}],"curies":[{"name":"wp","href":"https:\/\/api.w.org\/{rel}","templated":true}]}}