{"id":1596,"date":"2015-05-22T13:07:22","date_gmt":"2015-05-22T11:07:22","guid":{"rendered":"http:\/\/help.langlion.com\/pl\/?page_id=1596"},"modified":"2023-03-22T13:44:55","modified_gmt":"2023-03-22T12:44:55","slug":"kursant-pobiera-nauke-chce-wystawic-fakture-na-firme-dane-firmy-powinny-sie-wyswietlac-na-fakturze","status":"publish","type":"page","link":"https:\/\/help.langlion.com\/pl\/porady-i-wskazowki\/kursant-pobiera-nauke-chce-wystawic-fakture-na-firme-dane-firmy-powinny-sie-wyswietlac-na-fakturze\/","title":{"rendered":"Kursant pobiera nauk\u0119, chc\u0119 wystawi\u0107 faktur\u0119 na firm\u0119 &#8211; dane firmy powinny si\u0119 wy\u015bwietla\u0107 na fakturze"},"content":{"rendered":"","protected":false},"excerpt":{"rendered":"","protected":false},"author":1,"featured_media":0,"parent":11,"menu_order":0,"comment_status":"open","ping_status":"closed","template":"","meta":{"_acf_changed":false,"footnotes":""},"categories":[13],"tags":[],"class_list":["post-1596","page","type-page","status-publish","hentry","category-porady-i-wskazowki"],"acf":[],"_links":{"self":[{"href":"https:\/\/help.langlion.com\/pl\/wp-json\/wp\/v2\/pages\/1596"}],"collection":[{"href":"https:\/\/help.langlion.com\/pl\/wp-json\/wp\/v2\/pages"}],"about":[{"href":"https:\/\/help.langlion.com\/pl\/wp-json\/wp\/v2\/types\/page"}],"author":[{"embeddable":true,"href":"https:\/\/help.langlion.com\/pl\/wp-json\/wp\/v2\/users\/1"}],"replies":[{"embeddable":true,"href":"https:\/\/help.langlion.com\/pl\/wp-json\/wp\/v2\/comments?post=1596"}],"version-history":[{"count":13,"href":"https:\/\/help.langlion.com\/pl\/wp-json\/wp\/v2\/pages\/1596\/revisions"}],"predecessor-version":[{"id":7776,"href":"https:\/\/help.langlion.com\/pl\/wp-json\/wp\/v2\/pages\/1596\/revisions\/7776"}],"up":[{"embeddable":true,"href":"https:\/\/help.langlion.com\/pl\/wp-json\/wp\/v2\/pages\/11"}],"wp:attachment":[{"href":"https:\/\/help.langlion.com\/pl\/wp-json\/wp\/v2\/media?parent=1596"}],"wp:term":[{"taxonomy":"category","embeddable":true,"href":"https:\/\/help.langlion.com\/pl\/wp-json\/wp\/v2\/categories?post=1596"},{"taxonomy":"post_tag","embeddable":true,"href":"https:\/\/help.langlion.com\/pl\/wp-json\/wp\/v2\/tags?post=1596"}],"curies":[{"name":"wp","href":"https:\/\/api.w.org\/{rel}","templated":true}]}}