{"id":1606,"date":"2015-05-22T13:07:22","date_gmt":"2015-05-22T11:07:22","guid":{"rendered":"http:\/\/help.langlion.com\/pl\/?page_id=1606"},"modified":"2023-04-03T16:40:46","modified_gmt":"2023-04-03T14:40:46","slug":"po-dodaniu-wplaty-kursantowi-nie-zostala-oplacona-rata-w-grupie-w-ktorej-pobiera-nauke-w-transakcjach-kursanta-natomiast-widnieje-inna-nazwa-grupy","status":"publish","type":"page","link":"https:\/\/help.langlion.com\/pl\/porady-i-wskazowki\/po-dodaniu-wplaty-kursantowi-nie-zostala-oplacona-rata-w-grupie-w-ktorej-pobiera-nauke-w-transakcjach-kursanta-natomiast-widnieje-inna-nazwa-grupy\/","title":{"rendered":"Po dodaniu wp\u0142aty kursantowi nie zosta\u0142a op\u0142acona rata w grupie, w kt\u00f3rej pobiera on nauk\u0119, w transakcjach kursanta natomiast widnieje inna nazwa grupy"},"content":{"rendered":"","protected":false},"excerpt":{"rendered":"","protected":false},"author":1,"featured_media":0,"parent":11,"menu_order":0,"comment_status":"open","ping_status":"closed","template":"","meta":{"_acf_changed":false,"footnotes":""},"categories":[13],"tags":[],"class_list":["post-1606","page","type-page","status-publish","hentry","category-porady-i-wskazowki"],"acf":[],"_links":{"self":[{"href":"https:\/\/help.langlion.com\/pl\/wp-json\/wp\/v2\/pages\/1606"}],"collection":[{"href":"https:\/\/help.langlion.com\/pl\/wp-json\/wp\/v2\/pages"}],"about":[{"href":"https:\/\/help.langlion.com\/pl\/wp-json\/wp\/v2\/types\/page"}],"author":[{"embeddable":true,"href":"https:\/\/help.langlion.com\/pl\/wp-json\/wp\/v2\/users\/1"}],"replies":[{"embeddable":true,"href":"https:\/\/help.langlion.com\/pl\/wp-json\/wp\/v2\/comments?post=1606"}],"version-history":[{"count":10,"href":"https:\/\/help.langlion.com\/pl\/wp-json\/wp\/v2\/pages\/1606\/revisions"}],"predecessor-version":[{"id":7838,"href":"https:\/\/help.langlion.com\/pl\/wp-json\/wp\/v2\/pages\/1606\/revisions\/7838"}],"up":[{"embeddable":true,"href":"https:\/\/help.langlion.com\/pl\/wp-json\/wp\/v2\/pages\/11"}],"wp:attachment":[{"href":"https:\/\/help.langlion.com\/pl\/wp-json\/wp\/v2\/media?parent=1606"}],"wp:term":[{"taxonomy":"category","embeddable":true,"href":"https:\/\/help.langlion.com\/pl\/wp-json\/wp\/v2\/categories?post=1606"},{"taxonomy":"post_tag","embeddable":true,"href":"https:\/\/help.langlion.com\/pl\/wp-json\/wp\/v2\/tags?post=1606"}],"curies":[{"name":"wp","href":"https:\/\/api.w.org\/{rel}","templated":true}]}}