{"id":1660,"date":"2015-05-22T12:30:06","date_gmt":"2015-05-22T10:30:06","guid":{"rendered":"http:\/\/help.langlion.com\/pl\/?page_id=1660"},"modified":"2024-03-26T10:47:54","modified_gmt":"2024-03-26T09:47:54","slug":"czy-system-wyliczy-odpowiednia-stawke-lektorowi-przy-zmienionej-dlugosci-lekcji","status":"publish","type":"page","link":"https:\/\/help.langlion.com\/pl\/porady-i-wskazowki\/czy-system-wyliczy-odpowiednia-stawke-lektorowi-przy-zmienionej-dlugosci-lekcji\/","title":{"rendered":"Czy system wyliczy odpowiedni\u0105 stawk\u0119 lektorowi przy zmienionej d\u0142ugo\u015bci lekcji?"},"content":{"rendered":"","protected":false},"excerpt":{"rendered":"","protected":false},"author":1,"featured_media":0,"parent":11,"menu_order":0,"comment_status":"open","ping_status":"closed","template":"","meta":{"_acf_changed":false,"footnotes":""},"categories":[13],"tags":[],"class_list":["post-1660","page","type-page","status-publish","hentry","category-porady-i-wskazowki"],"acf":[],"_links":{"self":[{"href":"https:\/\/help.langlion.com\/pl\/wp-json\/wp\/v2\/pages\/1660"}],"collection":[{"href":"https:\/\/help.langlion.com\/pl\/wp-json\/wp\/v2\/pages"}],"about":[{"href":"https:\/\/help.langlion.com\/pl\/wp-json\/wp\/v2\/types\/page"}],"author":[{"embeddable":true,"href":"https:\/\/help.langlion.com\/pl\/wp-json\/wp\/v2\/users\/1"}],"replies":[{"embeddable":true,"href":"https:\/\/help.langlion.com\/pl\/wp-json\/wp\/v2\/comments?post=1660"}],"version-history":[{"count":4,"href":"https:\/\/help.langlion.com\/pl\/wp-json\/wp\/v2\/pages\/1660\/revisions"}],"predecessor-version":[{"id":8860,"href":"https:\/\/help.langlion.com\/pl\/wp-json\/wp\/v2\/pages\/1660\/revisions\/8860"}],"up":[{"embeddable":true,"href":"https:\/\/help.langlion.com\/pl\/wp-json\/wp\/v2\/pages\/11"}],"wp:attachment":[{"href":"https:\/\/help.langlion.com\/pl\/wp-json\/wp\/v2\/media?parent=1660"}],"wp:term":[{"taxonomy":"category","embeddable":true,"href":"https:\/\/help.langlion.com\/pl\/wp-json\/wp\/v2\/categories?post=1660"},{"taxonomy":"post_tag","embeddable":true,"href":"https:\/\/help.langlion.com\/pl\/wp-json\/wp\/v2\/tags?post=1660"}],"curies":[{"name":"wp","href":"https:\/\/api.w.org\/{rel}","templated":true}]}}