{"id":1670,"date":"2015-07-06T15:53:51","date_gmt":"2015-07-06T13:53:51","guid":{"rendered":"http:\/\/help.langlion.com\/pl\/?page_id=1670"},"modified":"2023-03-21T13:23:16","modified_gmt":"2023-03-21T12:23:16","slug":"jestem-lektorem-i-chce-wprowadzic-oceny-lecz-nie-widze-kolumn-ktore-zostaly-uprzednio-dodane","status":"publish","type":"page","link":"https:\/\/help.langlion.com\/pl\/porady-i-wskazowki\/jestem-lektorem-i-chce-wprowadzic-oceny-lecz-nie-widze-kolumn-ktore-zostaly-uprzednio-dodane\/","title":{"rendered":"Jestem lektorem i chc\u0119 wprowadzi\u0107 oceny, lecz nie widz\u0119 kolumn, kt\u00f3re zosta\u0142y uprzednio dodane"},"content":{"rendered":"","protected":false},"excerpt":{"rendered":"","protected":false},"author":1,"featured_media":0,"parent":11,"menu_order":0,"comment_status":"open","ping_status":"closed","template":"","meta":{"_acf_changed":false,"footnotes":""},"categories":[13],"tags":[],"class_list":["post-1670","page","type-page","status-publish","hentry","category-porady-i-wskazowki"],"acf":[],"_links":{"self":[{"href":"https:\/\/help.langlion.com\/pl\/wp-json\/wp\/v2\/pages\/1670"}],"collection":[{"href":"https:\/\/help.langlion.com\/pl\/wp-json\/wp\/v2\/pages"}],"about":[{"href":"https:\/\/help.langlion.com\/pl\/wp-json\/wp\/v2\/types\/page"}],"author":[{"embeddable":true,"href":"https:\/\/help.langlion.com\/pl\/wp-json\/wp\/v2\/users\/1"}],"replies":[{"embeddable":true,"href":"https:\/\/help.langlion.com\/pl\/wp-json\/wp\/v2\/comments?post=1670"}],"version-history":[{"count":9,"href":"https:\/\/help.langlion.com\/pl\/wp-json\/wp\/v2\/pages\/1670\/revisions"}],"predecessor-version":[{"id":7732,"href":"https:\/\/help.langlion.com\/pl\/wp-json\/wp\/v2\/pages\/1670\/revisions\/7732"}],"up":[{"embeddable":true,"href":"https:\/\/help.langlion.com\/pl\/wp-json\/wp\/v2\/pages\/11"}],"wp:attachment":[{"href":"https:\/\/help.langlion.com\/pl\/wp-json\/wp\/v2\/media?parent=1670"}],"wp:term":[{"taxonomy":"category","embeddable":true,"href":"https:\/\/help.langlion.com\/pl\/wp-json\/wp\/v2\/categories?post=1670"},{"taxonomy":"post_tag","embeddable":true,"href":"https:\/\/help.langlion.com\/pl\/wp-json\/wp\/v2\/tags?post=1670"}],"curies":[{"name":"wp","href":"https:\/\/api.w.org\/{rel}","templated":true}]}}