{"id":1702,"date":"2015-05-27T16:17:13","date_gmt":"2015-05-27T14:17:13","guid":{"rendered":"http:\/\/help.langlion.com\/pl\/?page_id=1702"},"modified":"2023-03-21T15:22:13","modified_gmt":"2023-03-21T14:22:13","slug":"kursanci-dopisani-do-grupy-nie-wyswietlaja-sie-na-koncie-lektora","status":"publish","type":"page","link":"https:\/\/help.langlion.com\/pl\/porady-i-wskazowki\/kursanci-dopisani-do-grupy-nie-wyswietlaja-sie-na-koncie-lektora\/","title":{"rendered":"Kursanci dopisani do grupy nie wy\u015bwietlaj\u0105 si\u0119 na koncie lektora"},"content":{"rendered":"","protected":false},"excerpt":{"rendered":"","protected":false},"author":1,"featured_media":0,"parent":11,"menu_order":0,"comment_status":"open","ping_status":"closed","template":"","meta":{"_acf_changed":false,"footnotes":""},"categories":[13],"tags":[],"class_list":["post-1702","page","type-page","status-publish","hentry","category-porady-i-wskazowki"],"acf":[],"_links":{"self":[{"href":"https:\/\/help.langlion.com\/pl\/wp-json\/wp\/v2\/pages\/1702"}],"collection":[{"href":"https:\/\/help.langlion.com\/pl\/wp-json\/wp\/v2\/pages"}],"about":[{"href":"https:\/\/help.langlion.com\/pl\/wp-json\/wp\/v2\/types\/page"}],"author":[{"embeddable":true,"href":"https:\/\/help.langlion.com\/pl\/wp-json\/wp\/v2\/users\/1"}],"replies":[{"embeddable":true,"href":"https:\/\/help.langlion.com\/pl\/wp-json\/wp\/v2\/comments?post=1702"}],"version-history":[{"count":12,"href":"https:\/\/help.langlion.com\/pl\/wp-json\/wp\/v2\/pages\/1702\/revisions"}],"predecessor-version":[{"id":7746,"href":"https:\/\/help.langlion.com\/pl\/wp-json\/wp\/v2\/pages\/1702\/revisions\/7746"}],"up":[{"embeddable":true,"href":"https:\/\/help.langlion.com\/pl\/wp-json\/wp\/v2\/pages\/11"}],"wp:attachment":[{"href":"https:\/\/help.langlion.com\/pl\/wp-json\/wp\/v2\/media?parent=1702"}],"wp:term":[{"taxonomy":"category","embeddable":true,"href":"https:\/\/help.langlion.com\/pl\/wp-json\/wp\/v2\/categories?post=1702"},{"taxonomy":"post_tag","embeddable":true,"href":"https:\/\/help.langlion.com\/pl\/wp-json\/wp\/v2\/tags?post=1702"}],"curies":[{"name":"wp","href":"https:\/\/api.w.org\/{rel}","templated":true}]}}