{"id":1707,"date":"2015-05-27T16:17:13","date_gmt":"2015-05-27T14:17:13","guid":{"rendered":"http:\/\/help.langlion.com\/pl\/?page_id=1707"},"modified":"2023-05-11T12:31:50","modified_gmt":"2023-05-11T10:31:50","slug":"w-jaki-sposob-dodawac-wplate-kursantowi-niezwiazana-z-kursem-po-kliknieciu-w-przycisk-dodaj-wplate-wyswietla-sie-kwota-kolejnej-raty","status":"publish","type":"page","link":"https:\/\/help.langlion.com\/pl\/porady-i-wskazowki\/w-jaki-sposob-dodawac-wplate-kursantowi-niezwiazana-z-kursem-po-kliknieciu-w-przycisk-dodaj-wplate-wyswietla-sie-kwota-kolejnej-raty\/","title":{"rendered":"W jaki spos\u00f3b dodawa\u0107 wp\u0142at\u0119 kursantowi niezwi\u0105zan\u0105 z kursem? Po klikni\u0119ciu w przycisk &#8222;Dodaj wp\u0142at\u0119&#8221; wy\u015bwietla si\u0119 kwota kolejnej raty"},"content":{"rendered":"","protected":false},"excerpt":{"rendered":"","protected":false},"author":1,"featured_media":0,"parent":11,"menu_order":0,"comment_status":"open","ping_status":"closed","template":"","meta":{"_acf_changed":false,"footnotes":""},"categories":[13],"tags":[],"class_list":["post-1707","page","type-page","status-publish","hentry","category-porady-i-wskazowki"],"acf":[],"_links":{"self":[{"href":"https:\/\/help.langlion.com\/pl\/wp-json\/wp\/v2\/pages\/1707"}],"collection":[{"href":"https:\/\/help.langlion.com\/pl\/wp-json\/wp\/v2\/pages"}],"about":[{"href":"https:\/\/help.langlion.com\/pl\/wp-json\/wp\/v2\/types\/page"}],"author":[{"embeddable":true,"href":"https:\/\/help.langlion.com\/pl\/wp-json\/wp\/v2\/users\/1"}],"replies":[{"embeddable":true,"href":"https:\/\/help.langlion.com\/pl\/wp-json\/wp\/v2\/comments?post=1707"}],"version-history":[{"count":9,"href":"https:\/\/help.langlion.com\/pl\/wp-json\/wp\/v2\/pages\/1707\/revisions"}],"predecessor-version":[{"id":7957,"href":"https:\/\/help.langlion.com\/pl\/wp-json\/wp\/v2\/pages\/1707\/revisions\/7957"}],"up":[{"embeddable":true,"href":"https:\/\/help.langlion.com\/pl\/wp-json\/wp\/v2\/pages\/11"}],"wp:attachment":[{"href":"https:\/\/help.langlion.com\/pl\/wp-json\/wp\/v2\/media?parent=1707"}],"wp:term":[{"taxonomy":"category","embeddable":true,"href":"https:\/\/help.langlion.com\/pl\/wp-json\/wp\/v2\/categories?post=1707"},{"taxonomy":"post_tag","embeddable":true,"href":"https:\/\/help.langlion.com\/pl\/wp-json\/wp\/v2\/tags?post=1707"}],"curies":[{"name":"wp","href":"https:\/\/api.w.org\/{rel}","templated":true}]}}