{"id":1712,"date":"2015-05-27T16:17:13","date_gmt":"2015-05-27T14:17:13","guid":{"rendered":"http:\/\/help.langlion.com\/pl\/?page_id=1712"},"modified":"2025-05-02T14:01:09","modified_gmt":"2025-05-02T12:01:09","slug":"nie-mozna-poprawnie-zalogowac-sie-do-konta-administracyjnego","status":"publish","type":"page","link":"https:\/\/help.langlion.com\/pl\/porady-i-wskazowki\/nie-mozna-poprawnie-zalogowac-sie-do-konta-administracyjnego\/","title":{"rendered":"Nie mo\u017cna poprawnie zalogowa\u0107 si\u0119 do konta administracyjnego."},"content":{"rendered":"","protected":false},"excerpt":{"rendered":"","protected":false},"author":1,"featured_media":0,"parent":11,"menu_order":25,"comment_status":"open","ping_status":"open","template":"","meta":{"_acf_changed":false,"footnotes":""},"categories":[13],"tags":[],"class_list":["post-1712","page","type-page","status-publish","hentry","category-porady-i-wskazowki"],"acf":[],"_links":{"self":[{"href":"https:\/\/help.langlion.com\/pl\/wp-json\/wp\/v2\/pages\/1712"}],"collection":[{"href":"https:\/\/help.langlion.com\/pl\/wp-json\/wp\/v2\/pages"}],"about":[{"href":"https:\/\/help.langlion.com\/pl\/wp-json\/wp\/v2\/types\/page"}],"author":[{"embeddable":true,"href":"https:\/\/help.langlion.com\/pl\/wp-json\/wp\/v2\/users\/1"}],"replies":[{"embeddable":true,"href":"https:\/\/help.langlion.com\/pl\/wp-json\/wp\/v2\/comments?post=1712"}],"version-history":[{"count":5,"href":"https:\/\/help.langlion.com\/pl\/wp-json\/wp\/v2\/pages\/1712\/revisions"}],"predecessor-version":[{"id":3597,"href":"https:\/\/help.langlion.com\/pl\/wp-json\/wp\/v2\/pages\/1712\/revisions\/3597"}],"up":[{"embeddable":true,"href":"https:\/\/help.langlion.com\/pl\/wp-json\/wp\/v2\/pages\/11"}],"wp:attachment":[{"href":"https:\/\/help.langlion.com\/pl\/wp-json\/wp\/v2\/media?parent=1712"}],"wp:term":[{"taxonomy":"category","embeddable":true,"href":"https:\/\/help.langlion.com\/pl\/wp-json\/wp\/v2\/categories?post=1712"},{"taxonomy":"post_tag","embeddable":true,"href":"https:\/\/help.langlion.com\/pl\/wp-json\/wp\/v2\/tags?post=1712"}],"curies":[{"name":"wp","href":"https:\/\/api.w.org\/{rel}","templated":true}]}}