{"id":1723,"date":"2015-05-27T16:17:13","date_gmt":"2015-05-27T14:17:13","guid":{"rendered":"http:\/\/help.langlion.com\/pl\/?page_id=1723"},"modified":"2024-10-18T15:00:13","modified_gmt":"2024-10-18T13:00:13","slug":"chce-aby-kazdemu-kursantowi-wyswietlala-sie-informacja-o-kierowaniu-platnosci-za-kurs","status":"publish","type":"page","link":"https:\/\/help.langlion.com\/pl\/przewodniki-po-systemie\/finanse\/finanse-ustawienia\/chce-aby-kazdemu-kursantowi-wyswietlala-sie-informacja-o-kierowaniu-platnosci-za-kurs\/","title":{"rendered":"Informacje o p\u0142atno\u015bciach wy\u015bwietlane kursantom"},"content":{"rendered":"","protected":false},"excerpt":{"rendered":"","protected":false},"author":1,"featured_media":0,"parent":8755,"menu_order":12,"comment_status":"open","ping_status":"closed","template":"","meta":{"_acf_changed":false,"footnotes":""},"categories":[6,13],"tags":[],"class_list":["post-1723","page","type-page","status-publish","hentry","category-finanse","category-porady-i-wskazowki"],"acf":[],"_links":{"self":[{"href":"https:\/\/help.langlion.com\/pl\/wp-json\/wp\/v2\/pages\/1723"}],"collection":[{"href":"https:\/\/help.langlion.com\/pl\/wp-json\/wp\/v2\/pages"}],"about":[{"href":"https:\/\/help.langlion.com\/pl\/wp-json\/wp\/v2\/types\/page"}],"author":[{"embeddable":true,"href":"https:\/\/help.langlion.com\/pl\/wp-json\/wp\/v2\/users\/1"}],"replies":[{"embeddable":true,"href":"https:\/\/help.langlion.com\/pl\/wp-json\/wp\/v2\/comments?post=1723"}],"version-history":[{"count":12,"href":"https:\/\/help.langlion.com\/pl\/wp-json\/wp\/v2\/pages\/1723\/revisions"}],"predecessor-version":[{"id":9339,"href":"https:\/\/help.langlion.com\/pl\/wp-json\/wp\/v2\/pages\/1723\/revisions\/9339"}],"up":[{"embeddable":true,"href":"https:\/\/help.langlion.com\/pl\/wp-json\/wp\/v2\/pages\/8755"}],"wp:attachment":[{"href":"https:\/\/help.langlion.com\/pl\/wp-json\/wp\/v2\/media?parent=1723"}],"wp:term":[{"taxonomy":"category","embeddable":true,"href":"https:\/\/help.langlion.com\/pl\/wp-json\/wp\/v2\/categories?post=1723"},{"taxonomy":"post_tag","embeddable":true,"href":"https:\/\/help.langlion.com\/pl\/wp-json\/wp\/v2\/tags?post=1723"}],"curies":[{"name":"wp","href":"https:\/\/api.w.org\/{rel}","templated":true}]}}