{"id":1747,"date":"2015-06-05T10:17:21","date_gmt":"2015-06-05T08:17:21","guid":{"rendered":"http:\/\/help.langlion.com\/pl\/?page_id=1747"},"modified":"2020-06-30T16:49:46","modified_gmt":"2020-06-30T14:49:46","slug":"stawka-lektora-po-zmianie-w-generatorze-i-kliknieciu-generuj-zajecia-nie-zapisala-sie-w-niektorych-lekcjach","status":"publish","type":"page","link":"https:\/\/help.langlion.com\/pl\/porady-i-wskazowki\/stawka-lektora-po-zmianie-w-generatorze-i-kliknieciu-generuj-zajecia-nie-zapisala-sie-w-niektorych-lekcjach\/","title":{"rendered":"Stawka lektora, po zmianie w generatorze i klikni\u0119ciu &#8222;Generuj zaj\u0119cia&#8221;, nie zapisa\u0142a si\u0119 w niekt\u00f3rych lekcjach"},"content":{"rendered":"","protected":false},"excerpt":{"rendered":"","protected":false},"author":1,"featured_media":0,"parent":11,"menu_order":0,"comment_status":"open","ping_status":"closed","template":"","meta":{"_acf_changed":false,"footnotes":""},"categories":[13],"tags":[],"class_list":["post-1747","page","type-page","status-publish","hentry","category-porady-i-wskazowki"],"acf":[],"_links":{"self":[{"href":"https:\/\/help.langlion.com\/pl\/wp-json\/wp\/v2\/pages\/1747"}],"collection":[{"href":"https:\/\/help.langlion.com\/pl\/wp-json\/wp\/v2\/pages"}],"about":[{"href":"https:\/\/help.langlion.com\/pl\/wp-json\/wp\/v2\/types\/page"}],"author":[{"embeddable":true,"href":"https:\/\/help.langlion.com\/pl\/wp-json\/wp\/v2\/users\/1"}],"replies":[{"embeddable":true,"href":"https:\/\/help.langlion.com\/pl\/wp-json\/wp\/v2\/comments?post=1747"}],"version-history":[{"count":7,"href":"https:\/\/help.langlion.com\/pl\/wp-json\/wp\/v2\/pages\/1747\/revisions"}],"predecessor-version":[{"id":5507,"href":"https:\/\/help.langlion.com\/pl\/wp-json\/wp\/v2\/pages\/1747\/revisions\/5507"}],"up":[{"embeddable":true,"href":"https:\/\/help.langlion.com\/pl\/wp-json\/wp\/v2\/pages\/11"}],"wp:attachment":[{"href":"https:\/\/help.langlion.com\/pl\/wp-json\/wp\/v2\/media?parent=1747"}],"wp:term":[{"taxonomy":"category","embeddable":true,"href":"https:\/\/help.langlion.com\/pl\/wp-json\/wp\/v2\/categories?post=1747"},{"taxonomy":"post_tag","embeddable":true,"href":"https:\/\/help.langlion.com\/pl\/wp-json\/wp\/v2\/tags?post=1747"}],"curies":[{"name":"wp","href":"https:\/\/api.w.org\/{rel}","templated":true}]}}