{"id":1779,"date":"2015-06-03T12:30:15","date_gmt":"2015-06-03T10:30:15","guid":{"rendered":"http:\/\/help.langlion.com\/pl\/?page_id=1779"},"modified":"2023-04-26T12:38:36","modified_gmt":"2023-04-26T10:38:36","slug":"stawka-lektora-zostala-podwyzszona-jak-zmienic-stawke-lektora-za-zajecia","status":"publish","type":"page","link":"https:\/\/help.langlion.com\/pl\/porady-i-wskazowki\/stawka-lektora-zostala-podwyzszona-jak-zmienic-stawke-lektora-za-zajecia\/","title":{"rendered":"Stawka lektora zosta\u0142a podwy\u017cszona. Jak zmieni\u0107 stawk\u0119 lektora za zaj\u0119cia?"},"content":{"rendered":"","protected":false},"excerpt":{"rendered":"","protected":false},"author":1,"featured_media":0,"parent":11,"menu_order":0,"comment_status":"open","ping_status":"closed","template":"","meta":{"_acf_changed":false,"footnotes":""},"categories":[13],"tags":[],"class_list":["post-1779","page","type-page","status-publish","hentry","category-porady-i-wskazowki"],"acf":[],"_links":{"self":[{"href":"https:\/\/help.langlion.com\/pl\/wp-json\/wp\/v2\/pages\/1779"}],"collection":[{"href":"https:\/\/help.langlion.com\/pl\/wp-json\/wp\/v2\/pages"}],"about":[{"href":"https:\/\/help.langlion.com\/pl\/wp-json\/wp\/v2\/types\/page"}],"author":[{"embeddable":true,"href":"https:\/\/help.langlion.com\/pl\/wp-json\/wp\/v2\/users\/1"}],"replies":[{"embeddable":true,"href":"https:\/\/help.langlion.com\/pl\/wp-json\/wp\/v2\/comments?post=1779"}],"version-history":[{"count":9,"href":"https:\/\/help.langlion.com\/pl\/wp-json\/wp\/v2\/pages\/1779\/revisions"}],"predecessor-version":[{"id":7933,"href":"https:\/\/help.langlion.com\/pl\/wp-json\/wp\/v2\/pages\/1779\/revisions\/7933"}],"up":[{"embeddable":true,"href":"https:\/\/help.langlion.com\/pl\/wp-json\/wp\/v2\/pages\/11"}],"wp:attachment":[{"href":"https:\/\/help.langlion.com\/pl\/wp-json\/wp\/v2\/media?parent=1779"}],"wp:term":[{"taxonomy":"category","embeddable":true,"href":"https:\/\/help.langlion.com\/pl\/wp-json\/wp\/v2\/categories?post=1779"},{"taxonomy":"post_tag","embeddable":true,"href":"https:\/\/help.langlion.com\/pl\/wp-json\/wp\/v2\/tags?post=1779"}],"curies":[{"name":"wp","href":"https:\/\/api.w.org\/{rel}","templated":true}]}}