{"id":1861,"date":"2015-06-09T11:47:27","date_gmt":"2015-06-09T09:47:27","guid":{"rendered":"http:\/\/help.langlion.com\/pl\/?page_id=1861"},"modified":"2023-04-05T15:19:01","modified_gmt":"2023-04-05T13:19:01","slug":"w-jaki-sposob-zamiescic-logo-szkoly-na-umowie-kursanta","status":"publish","type":"page","link":"https:\/\/help.langlion.com\/pl\/porady-i-wskazowki\/w-jaki-sposob-zamiescic-logo-szkoly-na-umowie-kursanta\/","title":{"rendered":"W jaki spos\u00f3b zamie\u015bci\u0107 logo szko\u0142y na umowie kursanta?"},"content":{"rendered":"","protected":false},"excerpt":{"rendered":"","protected":false},"author":1,"featured_media":0,"parent":11,"menu_order":0,"comment_status":"open","ping_status":"closed","template":"","meta":{"_acf_changed":false,"footnotes":""},"categories":[13],"tags":[],"class_list":["post-1861","page","type-page","status-publish","hentry","category-porady-i-wskazowki"],"acf":[],"_links":{"self":[{"href":"https:\/\/help.langlion.com\/pl\/wp-json\/wp\/v2\/pages\/1861"}],"collection":[{"href":"https:\/\/help.langlion.com\/pl\/wp-json\/wp\/v2\/pages"}],"about":[{"href":"https:\/\/help.langlion.com\/pl\/wp-json\/wp\/v2\/types\/page"}],"author":[{"embeddable":true,"href":"https:\/\/help.langlion.com\/pl\/wp-json\/wp\/v2\/users\/1"}],"replies":[{"embeddable":true,"href":"https:\/\/help.langlion.com\/pl\/wp-json\/wp\/v2\/comments?post=1861"}],"version-history":[{"count":8,"href":"https:\/\/help.langlion.com\/pl\/wp-json\/wp\/v2\/pages\/1861\/revisions"}],"predecessor-version":[{"id":7876,"href":"https:\/\/help.langlion.com\/pl\/wp-json\/wp\/v2\/pages\/1861\/revisions\/7876"}],"up":[{"embeddable":true,"href":"https:\/\/help.langlion.com\/pl\/wp-json\/wp\/v2\/pages\/11"}],"wp:attachment":[{"href":"https:\/\/help.langlion.com\/pl\/wp-json\/wp\/v2\/media?parent=1861"}],"wp:term":[{"taxonomy":"category","embeddable":true,"href":"https:\/\/help.langlion.com\/pl\/wp-json\/wp\/v2\/categories?post=1861"},{"taxonomy":"post_tag","embeddable":true,"href":"https:\/\/help.langlion.com\/pl\/wp-json\/wp\/v2\/tags?post=1861"}],"curies":[{"name":"wp","href":"https:\/\/api.w.org\/{rel}","templated":true}]}}