{"id":2384,"date":"2015-12-04T14:19:37","date_gmt":"2015-12-04T13:19:37","guid":{"rendered":"http:\/\/help.langlion.com\/pl\/?page_id=2384"},"modified":"2026-02-18T10:31:39","modified_gmt":"2026-02-18T09:31:39","slug":"w-jaki-sposob-oplacic-rate-uzywajac-platnosci-payu","status":"publish","type":"page","link":"https:\/\/help.langlion.com\/pl\/najpopularniejsze\/w-jaki-sposob-oplacic-rate-uzywajac-platnosci-payu\/","title":{"rendered":"W jaki spos\u00f3b op\u0142aci\u0107 rat\u0119 u\u017cywaj\u0105c p\u0142atno\u015bci PayU?"},"content":{"rendered":"","protected":false},"excerpt":{"rendered":"","protected":false},"author":1,"featured_media":0,"parent":5,"menu_order":11,"comment_status":"closed","ping_status":"closed","template":"","meta":{"_acf_changed":false,"footnotes":""},"categories":[11,2,13],"tags":[82],"class_list":["post-2384","page","type-page","status-publish","hentry","category-e-dziennik","category-najpopularniejsze","category-porady-i-wskazowki","tag-payu"],"acf":[],"_links":{"self":[{"href":"https:\/\/help.langlion.com\/pl\/wp-json\/wp\/v2\/pages\/2384"}],"collection":[{"href":"https:\/\/help.langlion.com\/pl\/wp-json\/wp\/v2\/pages"}],"about":[{"href":"https:\/\/help.langlion.com\/pl\/wp-json\/wp\/v2\/types\/page"}],"author":[{"embeddable":true,"href":"https:\/\/help.langlion.com\/pl\/wp-json\/wp\/v2\/users\/1"}],"replies":[{"embeddable":true,"href":"https:\/\/help.langlion.com\/pl\/wp-json\/wp\/v2\/comments?post=2384"}],"version-history":[{"count":7,"href":"https:\/\/help.langlion.com\/pl\/wp-json\/wp\/v2\/pages\/2384\/revisions"}],"predecessor-version":[{"id":10841,"href":"https:\/\/help.langlion.com\/pl\/wp-json\/wp\/v2\/pages\/2384\/revisions\/10841"}],"up":[{"embeddable":true,"href":"https:\/\/help.langlion.com\/pl\/wp-json\/wp\/v2\/pages\/5"}],"wp:attachment":[{"href":"https:\/\/help.langlion.com\/pl\/wp-json\/wp\/v2\/media?parent=2384"}],"wp:term":[{"taxonomy":"category","embeddable":true,"href":"https:\/\/help.langlion.com\/pl\/wp-json\/wp\/v2\/categories?post=2384"},{"taxonomy":"post_tag","embeddable":true,"href":"https:\/\/help.langlion.com\/pl\/wp-json\/wp\/v2\/tags?post=2384"}],"curies":[{"name":"wp","href":"https:\/\/api.w.org\/{rel}","templated":true}]}}