{"id":2426,"date":"2015-12-09T13:07:00","date_gmt":"2015-12-09T12:07:00","guid":{"rendered":"http:\/\/help.langlion.com\/pl\/?page_id=2426"},"modified":"2024-03-25T10:09:34","modified_gmt":"2024-03-25T09:09:34","slug":"w-jaki-sposob-moge-wyswietlic-ilosc-godzin-odwolanych","status":"publish","type":"page","link":"https:\/\/help.langlion.com\/pl\/porady-i-wskazowki\/w-jaki-sposob-moge-wyswietlic-ilosc-godzin-odwolanych\/","title":{"rendered":"W jaki spos\u00f3b mog\u0119 sprawdzi\u0107 ilo\u015b\u0107 odwo\u0142anych zaj\u0119\u0107?"},"content":{"rendered":"","protected":false},"excerpt":{"rendered":"","protected":false},"author":1,"featured_media":0,"parent":11,"menu_order":0,"comment_status":"closed","ping_status":"closed","template":"","meta":{"_acf_changed":false,"footnotes":""},"categories":[13,10],"tags":[210],"class_list":["post-2426","page","type-page","status-publish","hentry","category-porady-i-wskazowki","category-raporty","tag-ilosc-odwolanych-zajec"],"acf":[],"_links":{"self":[{"href":"https:\/\/help.langlion.com\/pl\/wp-json\/wp\/v2\/pages\/2426"}],"collection":[{"href":"https:\/\/help.langlion.com\/pl\/wp-json\/wp\/v2\/pages"}],"about":[{"href":"https:\/\/help.langlion.com\/pl\/wp-json\/wp\/v2\/types\/page"}],"author":[{"embeddable":true,"href":"https:\/\/help.langlion.com\/pl\/wp-json\/wp\/v2\/users\/1"}],"replies":[{"embeddable":true,"href":"https:\/\/help.langlion.com\/pl\/wp-json\/wp\/v2\/comments?post=2426"}],"version-history":[{"count":7,"href":"https:\/\/help.langlion.com\/pl\/wp-json\/wp\/v2\/pages\/2426\/revisions"}],"predecessor-version":[{"id":8240,"href":"https:\/\/help.langlion.com\/pl\/wp-json\/wp\/v2\/pages\/2426\/revisions\/8240"}],"up":[{"embeddable":true,"href":"https:\/\/help.langlion.com\/pl\/wp-json\/wp\/v2\/pages\/11"}],"wp:attachment":[{"href":"https:\/\/help.langlion.com\/pl\/wp-json\/wp\/v2\/media?parent=2426"}],"wp:term":[{"taxonomy":"category","embeddable":true,"href":"https:\/\/help.langlion.com\/pl\/wp-json\/wp\/v2\/categories?post=2426"},{"taxonomy":"post_tag","embeddable":true,"href":"https:\/\/help.langlion.com\/pl\/wp-json\/wp\/v2\/tags?post=2426"}],"curies":[{"name":"wp","href":"https:\/\/api.w.org\/{rel}","templated":true}]}}