{"id":2505,"date":"2015-12-16T15:09:53","date_gmt":"2015-12-16T14:09:53","guid":{"rendered":"http:\/\/help.langlion.com\/pl\/?page_id=2505"},"modified":"2024-03-13T14:10:42","modified_gmt":"2024-03-13T13:10:42","slug":"chce-aby-kazda-wplata-kursanta-automatycznie-oplacala-kolejna-rate-i-pomniejszala-kwote-do-zaplaty","status":"publish","type":"page","link":"https:\/\/help.langlion.com\/pl\/porady-i-wskazowki\/chce-aby-kazda-wplata-kursanta-automatycznie-oplacala-kolejna-rate-i-pomniejszala-kwote-do-zaplaty\/","title":{"rendered":"Chc\u0119, aby ka\u017cda wp\u0142ata kursanta automatycznie op\u0142aca\u0142a kolejna rat\u0119 i pomniejsza\u0142a kwot\u0119 do zap\u0142aty"},"content":{"rendered":"","protected":false},"excerpt":{"rendered":"","protected":false},"author":1,"featured_media":0,"parent":11,"menu_order":0,"comment_status":"closed","ping_status":"closed","template":"","meta":{"_acf_changed":false,"footnotes":""},"categories":[6,13],"tags":[],"class_list":["post-2505","page","type-page","status-publish","hentry","category-finanse","category-porady-i-wskazowki"],"acf":[],"_links":{"self":[{"href":"https:\/\/help.langlion.com\/pl\/wp-json\/wp\/v2\/pages\/2505"}],"collection":[{"href":"https:\/\/help.langlion.com\/pl\/wp-json\/wp\/v2\/pages"}],"about":[{"href":"https:\/\/help.langlion.com\/pl\/wp-json\/wp\/v2\/types\/page"}],"author":[{"embeddable":true,"href":"https:\/\/help.langlion.com\/pl\/wp-json\/wp\/v2\/users\/1"}],"replies":[{"embeddable":true,"href":"https:\/\/help.langlion.com\/pl\/wp-json\/wp\/v2\/comments?post=2505"}],"version-history":[{"count":14,"href":"https:\/\/help.langlion.com\/pl\/wp-json\/wp\/v2\/pages\/2505\/revisions"}],"predecessor-version":[{"id":7060,"href":"https:\/\/help.langlion.com\/pl\/wp-json\/wp\/v2\/pages\/2505\/revisions\/7060"}],"up":[{"embeddable":true,"href":"https:\/\/help.langlion.com\/pl\/wp-json\/wp\/v2\/pages\/11"}],"wp:attachment":[{"href":"https:\/\/help.langlion.com\/pl\/wp-json\/wp\/v2\/media?parent=2505"}],"wp:term":[{"taxonomy":"category","embeddable":true,"href":"https:\/\/help.langlion.com\/pl\/wp-json\/wp\/v2\/categories?post=2505"},{"taxonomy":"post_tag","embeddable":true,"href":"https:\/\/help.langlion.com\/pl\/wp-json\/wp\/v2\/tags?post=2505"}],"curies":[{"name":"wp","href":"https:\/\/api.w.org\/{rel}","templated":true}]}}