{"id":2511,"date":"2015-12-16T15:32:02","date_gmt":"2015-12-16T14:32:02","guid":{"rendered":"http:\/\/help.langlion.com\/pl\/?page_id=2511"},"modified":"2023-11-27T14:51:26","modified_gmt":"2023-11-27T13:51:26","slug":"jaka-jest-roznica-miedzy-usunieciem-kursanta-a-wypisaniem-go-z-grupy","status":"publish","type":"page","link":"https:\/\/help.langlion.com\/pl\/porady-i-wskazowki\/jaka-jest-roznica-miedzy-usunieciem-kursanta-a-wypisaniem-go-z-grupy\/","title":{"rendered":"Jaka jest r\u00f3\u017cnica mi\u0119dzy usuni\u0119ciem kursanta a wypisaniem go z grupy?"},"content":{"rendered":"","protected":false},"excerpt":{"rendered":"","protected":false},"author":1,"featured_media":0,"parent":11,"menu_order":10,"comment_status":"closed","ping_status":"closed","template":"","meta":{"_acf_changed":false,"footnotes":""},"categories":[3],"tags":[],"class_list":["post-2511","page","type-page","status-publish","hentry","category-sekretariat"],"acf":[],"_links":{"self":[{"href":"https:\/\/help.langlion.com\/pl\/wp-json\/wp\/v2\/pages\/2511"}],"collection":[{"href":"https:\/\/help.langlion.com\/pl\/wp-json\/wp\/v2\/pages"}],"about":[{"href":"https:\/\/help.langlion.com\/pl\/wp-json\/wp\/v2\/types\/page"}],"author":[{"embeddable":true,"href":"https:\/\/help.langlion.com\/pl\/wp-json\/wp\/v2\/users\/1"}],"replies":[{"embeddable":true,"href":"https:\/\/help.langlion.com\/pl\/wp-json\/wp\/v2\/comments?post=2511"}],"version-history":[{"count":16,"href":"https:\/\/help.langlion.com\/pl\/wp-json\/wp\/v2\/pages\/2511\/revisions"}],"predecessor-version":[{"id":8104,"href":"https:\/\/help.langlion.com\/pl\/wp-json\/wp\/v2\/pages\/2511\/revisions\/8104"}],"up":[{"embeddable":true,"href":"https:\/\/help.langlion.com\/pl\/wp-json\/wp\/v2\/pages\/11"}],"wp:attachment":[{"href":"https:\/\/help.langlion.com\/pl\/wp-json\/wp\/v2\/media?parent=2511"}],"wp:term":[{"taxonomy":"category","embeddable":true,"href":"https:\/\/help.langlion.com\/pl\/wp-json\/wp\/v2\/categories?post=2511"},{"taxonomy":"post_tag","embeddable":true,"href":"https:\/\/help.langlion.com\/pl\/wp-json\/wp\/v2\/tags?post=2511"}],"curies":[{"name":"wp","href":"https:\/\/api.w.org\/{rel}","templated":true}]}}