{"id":2764,"date":"2016-01-04T15:42:19","date_gmt":"2016-01-04T14:42:19","guid":{"rendered":"http:\/\/help.langlion.com\/pl\/?page_id=2764"},"modified":"2025-05-02T13:13:34","modified_gmt":"2025-05-02T11:13:34","slug":"menadzer-firmy-nie-moze-wyswietlic-obecnosci-kursantow-oraz-ich-ocen","status":"publish","type":"page","link":"https:\/\/help.langlion.com\/pl\/porady-i-wskazowki\/menadzer-firmy-nie-moze-wyswietlic-obecnosci-kursantow-oraz-ich-ocen\/","title":{"rendered":"Menad\u017cer firmy nie mo\u017ce wy\u015bwietli\u0107 obecno\u015bci kursant\u00f3w oraz ich ocen"},"content":{"rendered":"","protected":false},"excerpt":{"rendered":"","protected":false},"author":1,"featured_media":0,"parent":11,"menu_order":0,"comment_status":"closed","ping_status":"closed","template":"","meta":{"_acf_changed":false,"footnotes":""},"categories":[3],"tags":[],"class_list":["post-2764","page","type-page","status-publish","hentry","category-sekretariat"],"acf":[],"_links":{"self":[{"href":"https:\/\/help.langlion.com\/pl\/wp-json\/wp\/v2\/pages\/2764"}],"collection":[{"href":"https:\/\/help.langlion.com\/pl\/wp-json\/wp\/v2\/pages"}],"about":[{"href":"https:\/\/help.langlion.com\/pl\/wp-json\/wp\/v2\/types\/page"}],"author":[{"embeddable":true,"href":"https:\/\/help.langlion.com\/pl\/wp-json\/wp\/v2\/users\/1"}],"replies":[{"embeddable":true,"href":"https:\/\/help.langlion.com\/pl\/wp-json\/wp\/v2\/comments?post=2764"}],"version-history":[{"count":7,"href":"https:\/\/help.langlion.com\/pl\/wp-json\/wp\/v2\/pages\/2764\/revisions"}],"predecessor-version":[{"id":7781,"href":"https:\/\/help.langlion.com\/pl\/wp-json\/wp\/v2\/pages\/2764\/revisions\/7781"}],"up":[{"embeddable":true,"href":"https:\/\/help.langlion.com\/pl\/wp-json\/wp\/v2\/pages\/11"}],"wp:attachment":[{"href":"https:\/\/help.langlion.com\/pl\/wp-json\/wp\/v2\/media?parent=2764"}],"wp:term":[{"taxonomy":"category","embeddable":true,"href":"https:\/\/help.langlion.com\/pl\/wp-json\/wp\/v2\/categories?post=2764"},{"taxonomy":"post_tag","embeddable":true,"href":"https:\/\/help.langlion.com\/pl\/wp-json\/wp\/v2\/tags?post=2764"}],"curies":[{"name":"wp","href":"https:\/\/api.w.org\/{rel}","templated":true}]}}