{"id":2774,"date":"2016-01-04T16:24:51","date_gmt":"2016-01-04T15:24:51","guid":{"rendered":"http:\/\/help.langlion.com\/pl\/?page_id=2774"},"modified":"2025-05-02T13:12:32","modified_gmt":"2025-05-02T11:12:32","slug":"podczas-dodawania-wplaty-ciagle-zmuszony-jestem-do-wyboru-kasy-czy-mozliwe-jest-ustawienie-kasy-tak-aby-nie-trzeba-bylo-ciagle-wybierac-jej-podczas-dodawania-wplaty","status":"publish","type":"page","link":"https:\/\/help.langlion.com\/pl\/porady-i-wskazowki\/podczas-dodawania-wplaty-ciagle-zmuszony-jestem-do-wyboru-kasy-czy-mozliwe-jest-ustawienie-kasy-tak-aby-nie-trzeba-bylo-ciagle-wybierac-jej-podczas-dodawania-wplaty\/","title":{"rendered":"Podczas dodawania wp\u0142aty ci\u0105gle zmuszony jestem do wyboru kasy. Czy mo\u017cliwe jest ustawienie kasy tak, aby nie trzeba by\u0142o ci\u0105gle wybiera\u0107 jej podczas dodawania wp\u0142aty?"},"content":{"rendered":"","protected":false},"excerpt":{"rendered":"","protected":false},"author":1,"featured_media":0,"parent":11,"menu_order":0,"comment_status":"closed","ping_status":"closed","template":"","meta":{"_acf_changed":false,"footnotes":""},"categories":[13],"tags":[],"class_list":["post-2774","page","type-page","status-publish","hentry","category-porady-i-wskazowki"],"acf":[],"_links":{"self":[{"href":"https:\/\/help.langlion.com\/pl\/wp-json\/wp\/v2\/pages\/2774"}],"collection":[{"href":"https:\/\/help.langlion.com\/pl\/wp-json\/wp\/v2\/pages"}],"about":[{"href":"https:\/\/help.langlion.com\/pl\/wp-json\/wp\/v2\/types\/page"}],"author":[{"embeddable":true,"href":"https:\/\/help.langlion.com\/pl\/wp-json\/wp\/v2\/users\/1"}],"replies":[{"embeddable":true,"href":"https:\/\/help.langlion.com\/pl\/wp-json\/wp\/v2\/comments?post=2774"}],"version-history":[{"count":6,"href":"https:\/\/help.langlion.com\/pl\/wp-json\/wp\/v2\/pages\/2774\/revisions"}],"predecessor-version":[{"id":7879,"href":"https:\/\/help.langlion.com\/pl\/wp-json\/wp\/v2\/pages\/2774\/revisions\/7879"}],"up":[{"embeddable":true,"href":"https:\/\/help.langlion.com\/pl\/wp-json\/wp\/v2\/pages\/11"}],"wp:attachment":[{"href":"https:\/\/help.langlion.com\/pl\/wp-json\/wp\/v2\/media?parent=2774"}],"wp:term":[{"taxonomy":"category","embeddable":true,"href":"https:\/\/help.langlion.com\/pl\/wp-json\/wp\/v2\/categories?post=2774"},{"taxonomy":"post_tag","embeddable":true,"href":"https:\/\/help.langlion.com\/pl\/wp-json\/wp\/v2\/tags?post=2774"}],"curies":[{"name":"wp","href":"https:\/\/api.w.org\/{rel}","templated":true}]}}