{"id":2782,"date":"2016-01-05T15:08:46","date_gmt":"2016-01-05T14:08:46","guid":{"rendered":"http:\/\/help.langlion.com\/pl\/?page_id=2782"},"modified":"2025-05-02T13:47:16","modified_gmt":"2025-05-02T11:47:16","slug":"raport-sprzedazy-nie-wyswietla-transakcji-wszystkich-kursantow","status":"publish","type":"page","link":"https:\/\/help.langlion.com\/pl\/porady-i-wskazowki\/raport-sprzedazy-nie-wyswietla-transakcji-wszystkich-kursantow\/","title":{"rendered":"Raport sprzeda\u017cy nie wy\u015bwietla transakcji wszystkich kursant\u00f3w"},"content":{"rendered":"","protected":false},"excerpt":{"rendered":"","protected":false},"author":1,"featured_media":0,"parent":11,"menu_order":0,"comment_status":"closed","ping_status":"closed","template":"","meta":{"_acf_changed":false,"footnotes":""},"categories":[13,3],"tags":[],"class_list":["post-2782","page","type-page","status-publish","hentry","category-porady-i-wskazowki","category-sekretariat"],"acf":[],"_links":{"self":[{"href":"https:\/\/help.langlion.com\/pl\/wp-json\/wp\/v2\/pages\/2782"}],"collection":[{"href":"https:\/\/help.langlion.com\/pl\/wp-json\/wp\/v2\/pages"}],"about":[{"href":"https:\/\/help.langlion.com\/pl\/wp-json\/wp\/v2\/types\/page"}],"author":[{"embeddable":true,"href":"https:\/\/help.langlion.com\/pl\/wp-json\/wp\/v2\/users\/1"}],"replies":[{"embeddable":true,"href":"https:\/\/help.langlion.com\/pl\/wp-json\/wp\/v2\/comments?post=2782"}],"version-history":[{"count":6,"href":"https:\/\/help.langlion.com\/pl\/wp-json\/wp\/v2\/pages\/2782\/revisions"}],"predecessor-version":[{"id":7716,"href":"https:\/\/help.langlion.com\/pl\/wp-json\/wp\/v2\/pages\/2782\/revisions\/7716"}],"up":[{"embeddable":true,"href":"https:\/\/help.langlion.com\/pl\/wp-json\/wp\/v2\/pages\/11"}],"wp:attachment":[{"href":"https:\/\/help.langlion.com\/pl\/wp-json\/wp\/v2\/media?parent=2782"}],"wp:term":[{"taxonomy":"category","embeddable":true,"href":"https:\/\/help.langlion.com\/pl\/wp-json\/wp\/v2\/categories?post=2782"},{"taxonomy":"post_tag","embeddable":true,"href":"https:\/\/help.langlion.com\/pl\/wp-json\/wp\/v2\/tags?post=2782"}],"curies":[{"name":"wp","href":"https:\/\/api.w.org\/{rel}","templated":true}]}}