{"id":2803,"date":"2016-02-09T12:43:57","date_gmt":"2016-02-09T11:43:57","guid":{"rendered":"http:\/\/help.langlion.com\/pl\/?page_id=2803"},"modified":"2024-03-05T10:30:30","modified_gmt":"2024-03-05T09:30:30","slug":"wskaznik-oplaty-rat-na-stronie-glownej","status":"publish","type":"page","link":"https:\/\/help.langlion.com\/pl\/przewodniki-po-systemie\/sekretariat\/sekretariat-strona-glowna\/wskaznik-oplaty-rat-na-stronie-glownej\/","title":{"rendered":"Wska\u017anik op\u0142aty rat na stronie g\u0142\u00f3wnej"},"content":{"rendered":"","protected":false},"excerpt":{"rendered":"","protected":false},"author":1,"featured_media":0,"parent":8515,"menu_order":0,"comment_status":"closed","ping_status":"closed","template":"","meta":{"_acf_changed":false,"footnotes":""},"categories":[13,3],"tags":[],"class_list":["post-2803","page","type-page","status-publish","hentry","category-porady-i-wskazowki","category-sekretariat"],"acf":[],"_links":{"self":[{"href":"https:\/\/help.langlion.com\/pl\/wp-json\/wp\/v2\/pages\/2803"}],"collection":[{"href":"https:\/\/help.langlion.com\/pl\/wp-json\/wp\/v2\/pages"}],"about":[{"href":"https:\/\/help.langlion.com\/pl\/wp-json\/wp\/v2\/types\/page"}],"author":[{"embeddable":true,"href":"https:\/\/help.langlion.com\/pl\/wp-json\/wp\/v2\/users\/1"}],"replies":[{"embeddable":true,"href":"https:\/\/help.langlion.com\/pl\/wp-json\/wp\/v2\/comments?post=2803"}],"version-history":[{"count":9,"href":"https:\/\/help.langlion.com\/pl\/wp-json\/wp\/v2\/pages\/2803\/revisions"}],"predecessor-version":[{"id":8602,"href":"https:\/\/help.langlion.com\/pl\/wp-json\/wp\/v2\/pages\/2803\/revisions\/8602"}],"up":[{"embeddable":true,"href":"https:\/\/help.langlion.com\/pl\/wp-json\/wp\/v2\/pages\/8515"}],"wp:attachment":[{"href":"https:\/\/help.langlion.com\/pl\/wp-json\/wp\/v2\/media?parent=2803"}],"wp:term":[{"taxonomy":"category","embeddable":true,"href":"https:\/\/help.langlion.com\/pl\/wp-json\/wp\/v2\/categories?post=2803"},{"taxonomy":"post_tag","embeddable":true,"href":"https:\/\/help.langlion.com\/pl\/wp-json\/wp\/v2\/tags?post=2803"}],"curies":[{"name":"wp","href":"https:\/\/api.w.org\/{rel}","templated":true}]}}