{"id":2813,"date":"2016-01-14T15:35:10","date_gmt":"2016-01-14T14:35:10","guid":{"rendered":"http:\/\/help.langlion.com\/pl\/?page_id=2813"},"modified":"2023-03-21T16:15:09","modified_gmt":"2023-03-21T15:15:09","slug":"kursanci-zwracaja-uwage-ze-system-nie-wyswietla-zakladki-zawierajacej-platnosci","status":"publish","type":"page","link":"https:\/\/help.langlion.com\/pl\/porady-i-wskazowki\/kursanci-zwracaja-uwage-ze-system-nie-wyswietla-zakladki-zawierajacej-platnosci\/","title":{"rendered":"Kursanci zwracaj\u0105 uwag\u0119, \u017ce system nie wy\u015bwietla zak\u0142adki, zawieraj\u0105cej p\u0142atno\u015bci"},"content":{"rendered":"","protected":false},"excerpt":{"rendered":"","protected":false},"author":1,"featured_media":0,"parent":11,"menu_order":0,"comment_status":"closed","ping_status":"closed","template":"","meta":{"_acf_changed":false,"footnotes":""},"categories":[13,3],"tags":[],"class_list":["post-2813","page","type-page","status-publish","hentry","category-porady-i-wskazowki","category-sekretariat"],"acf":[],"_links":{"self":[{"href":"https:\/\/help.langlion.com\/pl\/wp-json\/wp\/v2\/pages\/2813"}],"collection":[{"href":"https:\/\/help.langlion.com\/pl\/wp-json\/wp\/v2\/pages"}],"about":[{"href":"https:\/\/help.langlion.com\/pl\/wp-json\/wp\/v2\/types\/page"}],"author":[{"embeddable":true,"href":"https:\/\/help.langlion.com\/pl\/wp-json\/wp\/v2\/users\/1"}],"replies":[{"embeddable":true,"href":"https:\/\/help.langlion.com\/pl\/wp-json\/wp\/v2\/comments?post=2813"}],"version-history":[{"count":5,"href":"https:\/\/help.langlion.com\/pl\/wp-json\/wp\/v2\/pages\/2813\/revisions"}],"predecessor-version":[{"id":7749,"href":"https:\/\/help.langlion.com\/pl\/wp-json\/wp\/v2\/pages\/2813\/revisions\/7749"}],"up":[{"embeddable":true,"href":"https:\/\/help.langlion.com\/pl\/wp-json\/wp\/v2\/pages\/11"}],"wp:attachment":[{"href":"https:\/\/help.langlion.com\/pl\/wp-json\/wp\/v2\/media?parent=2813"}],"wp:term":[{"taxonomy":"category","embeddable":true,"href":"https:\/\/help.langlion.com\/pl\/wp-json\/wp\/v2\/categories?post=2813"},{"taxonomy":"post_tag","embeddable":true,"href":"https:\/\/help.langlion.com\/pl\/wp-json\/wp\/v2\/tags?post=2813"}],"curies":[{"name":"wp","href":"https:\/\/api.w.org\/{rel}","templated":true}]}}