{"id":2818,"date":"2016-01-15T13:46:26","date_gmt":"2016-01-15T12:46:26","guid":{"rendered":"http:\/\/help.langlion.com\/pl\/?page_id=2818"},"modified":"2023-04-21T10:48:17","modified_gmt":"2023-04-21T08:48:17","slug":"po-omylkowym-usunieciu-lekcji-system-automatycznie-wyslal-powiadomienie-do-kursantow-czy-mozliwy-jest-wybor-powiadomien-ktore-maja-byc-wyslane","status":"publish","type":"page","link":"https:\/\/help.langlion.com\/pl\/porady-i-wskazowki\/po-omylkowym-usunieciu-lekcji-system-automatycznie-wyslal-powiadomienie-do-kursantow-czy-mozliwy-jest-wybor-powiadomien-ktore-maja-byc-wyslane\/","title":{"rendered":"Po omy\u0142kowym usuni\u0119ciu lekcji, system automatycznie wys\u0142a\u0142 powiadomienie do kursant\u00f3w. Czy mo\u017cliwy jest wyb\u00f3r powiadomie\u0144, kt\u00f3re maj\u0105 by\u0107 wys\u0142ane?"},"content":{"rendered":"","protected":false},"excerpt":{"rendered":"","protected":false},"author":1,"featured_media":0,"parent":11,"menu_order":0,"comment_status":"closed","ping_status":"closed","template":"","meta":{"_acf_changed":false,"footnotes":""},"categories":[13,3],"tags":[],"class_list":["post-2818","page","type-page","status-publish","hentry","category-porady-i-wskazowki","category-sekretariat"],"acf":[],"_links":{"self":[{"href":"https:\/\/help.langlion.com\/pl\/wp-json\/wp\/v2\/pages\/2818"}],"collection":[{"href":"https:\/\/help.langlion.com\/pl\/wp-json\/wp\/v2\/pages"}],"about":[{"href":"https:\/\/help.langlion.com\/pl\/wp-json\/wp\/v2\/types\/page"}],"author":[{"embeddable":true,"href":"https:\/\/help.langlion.com\/pl\/wp-json\/wp\/v2\/users\/1"}],"replies":[{"embeddable":true,"href":"https:\/\/help.langlion.com\/pl\/wp-json\/wp\/v2\/comments?post=2818"}],"version-history":[{"count":11,"href":"https:\/\/help.langlion.com\/pl\/wp-json\/wp\/v2\/pages\/2818\/revisions"}],"predecessor-version":[{"id":7910,"href":"https:\/\/help.langlion.com\/pl\/wp-json\/wp\/v2\/pages\/2818\/revisions\/7910"}],"up":[{"embeddable":true,"href":"https:\/\/help.langlion.com\/pl\/wp-json\/wp\/v2\/pages\/11"}],"wp:attachment":[{"href":"https:\/\/help.langlion.com\/pl\/wp-json\/wp\/v2\/media?parent=2818"}],"wp:term":[{"taxonomy":"category","embeddable":true,"href":"https:\/\/help.langlion.com\/pl\/wp-json\/wp\/v2\/categories?post=2818"},{"taxonomy":"post_tag","embeddable":true,"href":"https:\/\/help.langlion.com\/pl\/wp-json\/wp\/v2\/tags?post=2818"}],"curies":[{"name":"wp","href":"https:\/\/api.w.org\/{rel}","templated":true}]}}