{"id":2847,"date":"2016-01-18T11:22:04","date_gmt":"2016-01-18T10:22:04","guid":{"rendered":"http:\/\/help.langlion.com\/pl\/?page_id=2847"},"modified":"2024-03-25T16:04:16","modified_gmt":"2024-03-25T15:04:16","slug":"raport-obecnosci-kursantow-firmowych-nie-uwzglednia-niektorych-osob-osoby-te-sa-przypisane-do-grup-firmowych","status":"publish","type":"page","link":"https:\/\/help.langlion.com\/pl\/porady-i-wskazowki\/raport-obecnosci-kursantow-firmowych-nie-uwzglednia-niektorych-osob-osoby-te-sa-przypisane-do-grup-firmowych\/","title":{"rendered":"Raport obecno\u015bci kursant\u00f3w firmowych nie uwzgl\u0119dnia niekt\u00f3rych os\u00f3b. Osoby te s\u0105 przypisane do grup firmowych"},"content":{"rendered":"","protected":false},"excerpt":{"rendered":"","protected":false},"author":1,"featured_media":0,"parent":11,"menu_order":0,"comment_status":"closed","ping_status":"closed","template":"","meta":{"_acf_changed":false,"footnotes":""},"categories":[13,3],"tags":[],"class_list":["post-2847","page","type-page","status-publish","hentry","category-porady-i-wskazowki","category-sekretariat"],"acf":[],"_links":{"self":[{"href":"https:\/\/help.langlion.com\/pl\/wp-json\/wp\/v2\/pages\/2847"}],"collection":[{"href":"https:\/\/help.langlion.com\/pl\/wp-json\/wp\/v2\/pages"}],"about":[{"href":"https:\/\/help.langlion.com\/pl\/wp-json\/wp\/v2\/types\/page"}],"author":[{"embeddable":true,"href":"https:\/\/help.langlion.com\/pl\/wp-json\/wp\/v2\/users\/1"}],"replies":[{"embeddable":true,"href":"https:\/\/help.langlion.com\/pl\/wp-json\/wp\/v2\/comments?post=2847"}],"version-history":[{"count":6,"href":"https:\/\/help.langlion.com\/pl\/wp-json\/wp\/v2\/pages\/2847\/revisions"}],"predecessor-version":[{"id":7916,"href":"https:\/\/help.langlion.com\/pl\/wp-json\/wp\/v2\/pages\/2847\/revisions\/7916"}],"up":[{"embeddable":true,"href":"https:\/\/help.langlion.com\/pl\/wp-json\/wp\/v2\/pages\/11"}],"wp:attachment":[{"href":"https:\/\/help.langlion.com\/pl\/wp-json\/wp\/v2\/media?parent=2847"}],"wp:term":[{"taxonomy":"category","embeddable":true,"href":"https:\/\/help.langlion.com\/pl\/wp-json\/wp\/v2\/categories?post=2847"},{"taxonomy":"post_tag","embeddable":true,"href":"https:\/\/help.langlion.com\/pl\/wp-json\/wp\/v2\/tags?post=2847"}],"curies":[{"name":"wp","href":"https:\/\/api.w.org\/{rel}","templated":true}]}}