{"id":2857,"date":"2016-01-19T13:16:53","date_gmt":"2016-01-19T12:16:53","guid":{"rendered":"http:\/\/help.langlion.com\/pl\/?page_id=2857"},"modified":"2023-05-02T15:16:00","modified_gmt":"2023-05-02T13:16:00","slug":"system-tworzy-nieprawidlowe-rozliczenie-kursanta-zdefiniowana-zostala-stawka-kursanta-lecz-zupelnie-inna-stawka-wyswietlana-jest-w-rozliczeniu","status":"publish","type":"page","link":"https:\/\/help.langlion.com\/pl\/porady-i-wskazowki\/system-tworzy-nieprawidlowe-rozliczenie-kursanta-zdefiniowana-zostala-stawka-kursanta-lecz-zupelnie-inna-stawka-wyswietlana-jest-w-rozliczeniu\/","title":{"rendered":"System tworzy nieprawid\u0142owe rozliczenie kursanta. Zdefiniowana zosta\u0142a stawka kursanta, lecz zupe\u0142nie inna stawka wy\u015bwietlana jest w rozliczeniu"},"content":{"rendered":"","protected":false},"excerpt":{"rendered":"","protected":false},"author":1,"featured_media":0,"parent":11,"menu_order":0,"comment_status":"closed","ping_status":"closed","template":"","meta":{"_acf_changed":false,"footnotes":""},"categories":[6,13,3],"tags":[],"class_list":["post-2857","page","type-page","status-publish","hentry","category-finanse","category-porady-i-wskazowki","category-sekretariat"],"acf":[],"_links":{"self":[{"href":"https:\/\/help.langlion.com\/pl\/wp-json\/wp\/v2\/pages\/2857"}],"collection":[{"href":"https:\/\/help.langlion.com\/pl\/wp-json\/wp\/v2\/pages"}],"about":[{"href":"https:\/\/help.langlion.com\/pl\/wp-json\/wp\/v2\/types\/page"}],"author":[{"embeddable":true,"href":"https:\/\/help.langlion.com\/pl\/wp-json\/wp\/v2\/users\/1"}],"replies":[{"embeddable":true,"href":"https:\/\/help.langlion.com\/pl\/wp-json\/wp\/v2\/comments?post=2857"}],"version-history":[{"count":6,"href":"https:\/\/help.langlion.com\/pl\/wp-json\/wp\/v2\/pages\/2857\/revisions"}],"predecessor-version":[{"id":7946,"href":"https:\/\/help.langlion.com\/pl\/wp-json\/wp\/v2\/pages\/2857\/revisions\/7946"}],"up":[{"embeddable":true,"href":"https:\/\/help.langlion.com\/pl\/wp-json\/wp\/v2\/pages\/11"}],"wp:attachment":[{"href":"https:\/\/help.langlion.com\/pl\/wp-json\/wp\/v2\/media?parent=2857"}],"wp:term":[{"taxonomy":"category","embeddable":true,"href":"https:\/\/help.langlion.com\/pl\/wp-json\/wp\/v2\/categories?post=2857"},{"taxonomy":"post_tag","embeddable":true,"href":"https:\/\/help.langlion.com\/pl\/wp-json\/wp\/v2\/tags?post=2857"}],"curies":[{"name":"wp","href":"https:\/\/api.w.org\/{rel}","templated":true}]}}