{"id":2864,"date":"2016-01-28T14:06:19","date_gmt":"2016-01-28T13:06:19","guid":{"rendered":"http:\/\/help.langlion.com\/pl\/?page_id=2864"},"modified":"2023-05-11T12:11:13","modified_gmt":"2023-05-11T10:11:13","slug":"w-jaki-sposob-wyswietlic-szczegoly-zajec-grupy-zarchiwizowanej","status":"publish","type":"page","link":"https:\/\/help.langlion.com\/pl\/porady-i-wskazowki\/w-jaki-sposob-wyswietlic-szczegoly-zajec-grupy-zarchiwizowanej\/","title":{"rendered":"W jaki spos\u00f3b wy\u015bwietli\u0107 szczeg\u00f3\u0142y zaj\u0119\u0107 grupy zarchiwizowanej?"},"content":{"rendered":"","protected":false},"excerpt":{"rendered":"","protected":false},"author":1,"featured_media":0,"parent":11,"menu_order":0,"comment_status":"closed","ping_status":"closed","template":"","meta":{"_acf_changed":false,"footnotes":""},"categories":[13,3],"tags":[],"class_list":["post-2864","page","type-page","status-publish","hentry","category-porady-i-wskazowki","category-sekretariat"],"acf":[],"_links":{"self":[{"href":"https:\/\/help.langlion.com\/pl\/wp-json\/wp\/v2\/pages\/2864"}],"collection":[{"href":"https:\/\/help.langlion.com\/pl\/wp-json\/wp\/v2\/pages"}],"about":[{"href":"https:\/\/help.langlion.com\/pl\/wp-json\/wp\/v2\/types\/page"}],"author":[{"embeddable":true,"href":"https:\/\/help.langlion.com\/pl\/wp-json\/wp\/v2\/users\/1"}],"replies":[{"embeddable":true,"href":"https:\/\/help.langlion.com\/pl\/wp-json\/wp\/v2\/comments?post=2864"}],"version-history":[{"count":4,"href":"https:\/\/help.langlion.com\/pl\/wp-json\/wp\/v2\/pages\/2864\/revisions"}],"predecessor-version":[{"id":7954,"href":"https:\/\/help.langlion.com\/pl\/wp-json\/wp\/v2\/pages\/2864\/revisions\/7954"}],"up":[{"embeddable":true,"href":"https:\/\/help.langlion.com\/pl\/wp-json\/wp\/v2\/pages\/11"}],"wp:attachment":[{"href":"https:\/\/help.langlion.com\/pl\/wp-json\/wp\/v2\/media?parent=2864"}],"wp:term":[{"taxonomy":"category","embeddable":true,"href":"https:\/\/help.langlion.com\/pl\/wp-json\/wp\/v2\/categories?post=2864"},{"taxonomy":"post_tag","embeddable":true,"href":"https:\/\/help.langlion.com\/pl\/wp-json\/wp\/v2\/tags?post=2864"}],"curies":[{"name":"wp","href":"https:\/\/api.w.org\/{rel}","templated":true}]}}