{"id":2877,"date":"2016-01-20T13:17:38","date_gmt":"2016-01-20T12:17:38","guid":{"rendered":"http:\/\/help.langlion.com\/pl\/?page_id=2877"},"modified":"2023-03-22T14:41:04","modified_gmt":"2023-03-22T13:41:04","slug":"lektor-nie-moze-edytowac-kolumny-i-wpisac-w-nia-oceny-pojawia-sie-znak-zakazu","status":"publish","type":"page","link":"https:\/\/help.langlion.com\/pl\/porady-i-wskazowki\/lektor-nie-moze-edytowac-kolumny-i-wpisac-w-nia-oceny-pojawia-sie-znak-zakazu\/","title":{"rendered":"Lektor nie mo\u017ce edytowa\u0107 kolumny i wpisa\u0107 w ni\u0105 oceny, pojawia si\u0119 znak zakazu"},"content":{"rendered":"","protected":false},"excerpt":{"rendered":"","protected":false},"author":1,"featured_media":0,"parent":11,"menu_order":20,"comment_status":"closed","ping_status":"closed","template":"","meta":{"_acf_changed":false,"footnotes":""},"categories":[11,13,3],"tags":[],"class_list":["post-2877","page","type-page","status-publish","hentry","category-e-dziennik","category-porady-i-wskazowki","category-sekretariat"],"acf":[],"_links":{"self":[{"href":"https:\/\/help.langlion.com\/pl\/wp-json\/wp\/v2\/pages\/2877"}],"collection":[{"href":"https:\/\/help.langlion.com\/pl\/wp-json\/wp\/v2\/pages"}],"about":[{"href":"https:\/\/help.langlion.com\/pl\/wp-json\/wp\/v2\/types\/page"}],"author":[{"embeddable":true,"href":"https:\/\/help.langlion.com\/pl\/wp-json\/wp\/v2\/users\/1"}],"replies":[{"embeddable":true,"href":"https:\/\/help.langlion.com\/pl\/wp-json\/wp\/v2\/comments?post=2877"}],"version-history":[{"count":6,"href":"https:\/\/help.langlion.com\/pl\/wp-json\/wp\/v2\/pages\/2877\/revisions"}],"predecessor-version":[{"id":7785,"href":"https:\/\/help.langlion.com\/pl\/wp-json\/wp\/v2\/pages\/2877\/revisions\/7785"}],"up":[{"embeddable":true,"href":"https:\/\/help.langlion.com\/pl\/wp-json\/wp\/v2\/pages\/11"}],"wp:attachment":[{"href":"https:\/\/help.langlion.com\/pl\/wp-json\/wp\/v2\/media?parent=2877"}],"wp:term":[{"taxonomy":"category","embeddable":true,"href":"https:\/\/help.langlion.com\/pl\/wp-json\/wp\/v2\/categories?post=2877"},{"taxonomy":"post_tag","embeddable":true,"href":"https:\/\/help.langlion.com\/pl\/wp-json\/wp\/v2\/tags?post=2877"}],"curies":[{"name":"wp","href":"https:\/\/api.w.org\/{rel}","templated":true}]}}