{"id":2898,"date":"2016-01-21T14:08:58","date_gmt":"2016-01-21T13:08:58","guid":{"rendered":"http:\/\/help.langlion.com\/pl\/?page_id=2898"},"modified":"2023-05-11T12:55:26","modified_gmt":"2023-05-11T10:55:26","slug":"w-jaki-sposob-sporzadzic-zestawienie-wplat-przelewowych","status":"publish","type":"page","link":"https:\/\/help.langlion.com\/pl\/porady-i-wskazowki\/w-jaki-sposob-sporzadzic-zestawienie-wplat-przelewowych\/","title":{"rendered":"W jaki spos\u00f3b sporz\u0105dzi\u0107 zestawienie wp\u0142at przelewowych?"},"content":{"rendered":"","protected":false},"excerpt":{"rendered":"","protected":false},"author":1,"featured_media":0,"parent":11,"menu_order":0,"comment_status":"closed","ping_status":"closed","template":"","meta":{"_acf_changed":false,"footnotes":""},"categories":[6,13,3],"tags":[],"class_list":["post-2898","page","type-page","status-publish","hentry","category-finanse","category-porady-i-wskazowki","category-sekretariat"],"acf":[],"_links":{"self":[{"href":"https:\/\/help.langlion.com\/pl\/wp-json\/wp\/v2\/pages\/2898"}],"collection":[{"href":"https:\/\/help.langlion.com\/pl\/wp-json\/wp\/v2\/pages"}],"about":[{"href":"https:\/\/help.langlion.com\/pl\/wp-json\/wp\/v2\/types\/page"}],"author":[{"embeddable":true,"href":"https:\/\/help.langlion.com\/pl\/wp-json\/wp\/v2\/users\/1"}],"replies":[{"embeddable":true,"href":"https:\/\/help.langlion.com\/pl\/wp-json\/wp\/v2\/comments?post=2898"}],"version-history":[{"count":7,"href":"https:\/\/help.langlion.com\/pl\/wp-json\/wp\/v2\/pages\/2898\/revisions"}],"predecessor-version":[{"id":7963,"href":"https:\/\/help.langlion.com\/pl\/wp-json\/wp\/v2\/pages\/2898\/revisions\/7963"}],"up":[{"embeddable":true,"href":"https:\/\/help.langlion.com\/pl\/wp-json\/wp\/v2\/pages\/11"}],"wp:attachment":[{"href":"https:\/\/help.langlion.com\/pl\/wp-json\/wp\/v2\/media?parent=2898"}],"wp:term":[{"taxonomy":"category","embeddable":true,"href":"https:\/\/help.langlion.com\/pl\/wp-json\/wp\/v2\/categories?post=2898"},{"taxonomy":"post_tag","embeddable":true,"href":"https:\/\/help.langlion.com\/pl\/wp-json\/wp\/v2\/tags?post=2898"}],"curies":[{"name":"wp","href":"https:\/\/api.w.org\/{rel}","templated":true}]}}