{"id":2935,"date":"2016-02-02T15:41:50","date_gmt":"2016-02-02T14:41:50","guid":{"rendered":"http:\/\/help.langlion.com\/pl\/?page_id=2935"},"modified":"2025-11-25T14:14:56","modified_gmt":"2025-11-25T13:14:56","slug":"wyswietlanie-uzytkownika-w-ksiazce-adresowej","status":"publish","type":"page","link":"https:\/\/help.langlion.com\/pl\/przewodniki-po-systemie\/sekretariat\/sekretariat-uzytkownicy\/wyswietlanie-uzytkownika-w-ksiazce-adresowej\/","title":{"rendered":"Wy\u015bwietlanie u\u017cytkownika w ksi\u0105\u017cce adresowej"},"content":{"rendered":"","protected":false},"excerpt":{"rendered":"","protected":false},"author":1,"featured_media":0,"parent":8536,"menu_order":3,"comment_status":"closed","ping_status":"closed","template":"","meta":{"_acf_changed":false,"footnotes":""},"categories":[3],"tags":[],"class_list":["post-2935","page","type-page","status-publish","hentry","category-sekretariat"],"acf":[],"_links":{"self":[{"href":"https:\/\/help.langlion.com\/pl\/wp-json\/wp\/v2\/pages\/2935"}],"collection":[{"href":"https:\/\/help.langlion.com\/pl\/wp-json\/wp\/v2\/pages"}],"about":[{"href":"https:\/\/help.langlion.com\/pl\/wp-json\/wp\/v2\/types\/page"}],"author":[{"embeddable":true,"href":"https:\/\/help.langlion.com\/pl\/wp-json\/wp\/v2\/users\/1"}],"replies":[{"embeddable":true,"href":"https:\/\/help.langlion.com\/pl\/wp-json\/wp\/v2\/comments?post=2935"}],"version-history":[{"count":12,"href":"https:\/\/help.langlion.com\/pl\/wp-json\/wp\/v2\/pages\/2935\/revisions"}],"predecessor-version":[{"id":10244,"href":"https:\/\/help.langlion.com\/pl\/wp-json\/wp\/v2\/pages\/2935\/revisions\/10244"}],"up":[{"embeddable":true,"href":"https:\/\/help.langlion.com\/pl\/wp-json\/wp\/v2\/pages\/8536"}],"wp:attachment":[{"href":"https:\/\/help.langlion.com\/pl\/wp-json\/wp\/v2\/media?parent=2935"}],"wp:term":[{"taxonomy":"category","embeddable":true,"href":"https:\/\/help.langlion.com\/pl\/wp-json\/wp\/v2\/categories?post=2935"},{"taxonomy":"post_tag","embeddable":true,"href":"https:\/\/help.langlion.com\/pl\/wp-json\/wp\/v2\/tags?post=2935"}],"curies":[{"name":"wp","href":"https:\/\/api.w.org\/{rel}","templated":true}]}}