{"id":2949,"date":"2016-02-03T16:03:43","date_gmt":"2016-02-03T15:03:43","guid":{"rendered":"http:\/\/help.langlion.com\/pl\/?page_id=2949"},"modified":"2023-04-05T14:07:03","modified_gmt":"2023-04-05T12:07:03","slug":"w-kalendarzu-nie-sa-widoczne-sale-drugiej-placowki-pracujemy-na-wspolnym-kalendarzu-dla-obu-placowek-i-konieczny-jest-wspolny-widok-sal","status":"publish","type":"page","link":"https:\/\/help.langlion.com\/pl\/porady-i-wskazowki\/w-kalendarzu-nie-sa-widoczne-sale-drugiej-placowki-pracujemy-na-wspolnym-kalendarzu-dla-obu-placowek-i-konieczny-jest-wspolny-widok-sal\/","title":{"rendered":"W kalendarzu nie s\u0105 widoczne sale  drugiej plac\u00f3wki. Pracujemy na wsp\u00f3lnym kalendarzu dla obu plac\u00f3wek i konieczny jest wsp\u00f3lny widok sal"},"content":{"rendered":"","protected":false},"excerpt":{"rendered":"","protected":false},"author":1,"featured_media":0,"parent":11,"menu_order":0,"comment_status":"closed","ping_status":"closed","template":"","meta":{"_acf_changed":false,"footnotes":""},"categories":[13,3],"tags":[],"class_list":["post-2949","page","type-page","status-publish","hentry","category-porady-i-wskazowki","category-sekretariat"],"acf":[],"_links":{"self":[{"href":"https:\/\/help.langlion.com\/pl\/wp-json\/wp\/v2\/pages\/2949"}],"collection":[{"href":"https:\/\/help.langlion.com\/pl\/wp-json\/wp\/v2\/pages"}],"about":[{"href":"https:\/\/help.langlion.com\/pl\/wp-json\/wp\/v2\/types\/page"}],"author":[{"embeddable":true,"href":"https:\/\/help.langlion.com\/pl\/wp-json\/wp\/v2\/users\/1"}],"replies":[{"embeddable":true,"href":"https:\/\/help.langlion.com\/pl\/wp-json\/wp\/v2\/comments?post=2949"}],"version-history":[{"count":5,"href":"https:\/\/help.langlion.com\/pl\/wp-json\/wp\/v2\/pages\/2949\/revisions"}],"predecessor-version":[{"id":7865,"href":"https:\/\/help.langlion.com\/pl\/wp-json\/wp\/v2\/pages\/2949\/revisions\/7865"}],"up":[{"embeddable":true,"href":"https:\/\/help.langlion.com\/pl\/wp-json\/wp\/v2\/pages\/11"}],"wp:attachment":[{"href":"https:\/\/help.langlion.com\/pl\/wp-json\/wp\/v2\/media?parent=2949"}],"wp:term":[{"taxonomy":"category","embeddable":true,"href":"https:\/\/help.langlion.com\/pl\/wp-json\/wp\/v2\/categories?post=2949"},{"taxonomy":"post_tag","embeddable":true,"href":"https:\/\/help.langlion.com\/pl\/wp-json\/wp\/v2\/tags?post=2949"}],"curies":[{"name":"wp","href":"https:\/\/api.w.org\/{rel}","templated":true}]}}