{"id":2961,"date":"2016-02-05T15:21:25","date_gmt":"2016-02-05T14:21:25","guid":{"rendered":"http:\/\/help.langlion.com\/pl\/?page_id=2961"},"modified":"2023-03-22T13:36:46","modified_gmt":"2023-03-22T12:36:46","slug":"kilku-z-naszych-lektorow-uczy-w-obu-placowkach-czy-konieczne-jest-tworzenie-im-kont-dla-kazdej-placowki","status":"publish","type":"page","link":"https:\/\/help.langlion.com\/pl\/porady-i-wskazowki\/kilku-z-naszych-lektorow-uczy-w-obu-placowkach-czy-konieczne-jest-tworzenie-im-kont-dla-kazdej-placowki\/","title":{"rendered":"Kilku z naszych lektor\u00f3w uczy w obu plac\u00f3wkach. Czy konieczne jest tworzenie im kont dla ka\u017cdej plac\u00f3wki?"},"content":{"rendered":"","protected":false},"excerpt":{"rendered":"","protected":false},"author":1,"featured_media":0,"parent":11,"menu_order":12,"comment_status":"closed","ping_status":"closed","template":"","meta":{"_acf_changed":false,"footnotes":""},"categories":[13,3,17],"tags":[],"class_list":["post-2961","page","type-page","status-publish","hentry","category-porady-i-wskazowki","category-sekretariat","category-superadministrator"],"acf":[],"_links":{"self":[{"href":"https:\/\/help.langlion.com\/pl\/wp-json\/wp\/v2\/pages\/2961"}],"collection":[{"href":"https:\/\/help.langlion.com\/pl\/wp-json\/wp\/v2\/pages"}],"about":[{"href":"https:\/\/help.langlion.com\/pl\/wp-json\/wp\/v2\/types\/page"}],"author":[{"embeddable":true,"href":"https:\/\/help.langlion.com\/pl\/wp-json\/wp\/v2\/users\/1"}],"replies":[{"embeddable":true,"href":"https:\/\/help.langlion.com\/pl\/wp-json\/wp\/v2\/comments?post=2961"}],"version-history":[{"count":6,"href":"https:\/\/help.langlion.com\/pl\/wp-json\/wp\/v2\/pages\/2961\/revisions"}],"predecessor-version":[{"id":7774,"href":"https:\/\/help.langlion.com\/pl\/wp-json\/wp\/v2\/pages\/2961\/revisions\/7774"}],"up":[{"embeddable":true,"href":"https:\/\/help.langlion.com\/pl\/wp-json\/wp\/v2\/pages\/11"}],"wp:attachment":[{"href":"https:\/\/help.langlion.com\/pl\/wp-json\/wp\/v2\/media?parent=2961"}],"wp:term":[{"taxonomy":"category","embeddable":true,"href":"https:\/\/help.langlion.com\/pl\/wp-json\/wp\/v2\/categories?post=2961"},{"taxonomy":"post_tag","embeddable":true,"href":"https:\/\/help.langlion.com\/pl\/wp-json\/wp\/v2\/tags?post=2961"}],"curies":[{"name":"wp","href":"https:\/\/api.w.org\/{rel}","templated":true}]}}