{"id":2992,"date":"2016-02-19T11:10:32","date_gmt":"2016-02-19T10:10:32","guid":{"rendered":"http:\/\/help.langlion.com\/pl\/?page_id=2992"},"modified":"2023-04-03T14:11:47","modified_gmt":"2023-04-03T12:11:47","slug":"niektorzy-kursanci-w-grupie-nie-moga-przyjsc-na-zajecia-z-roznych-powodow-jak-zdefiniowac-zajecia-w-systemie-aby-kazdy-kursant-mogl-dogodnie-uczeszczac-na-zajecia","status":"publish","type":"page","link":"https:\/\/help.langlion.com\/pl\/porady-i-wskazowki\/niektorzy-kursanci-w-grupie-nie-moga-przyjsc-na-zajecia-z-roznych-powodow-jak-zdefiniowac-zajecia-w-systemie-aby-kazdy-kursant-mogl-dogodnie-uczeszczac-na-zajecia\/","title":{"rendered":"Niekt\u00f3rzy kursanci  w grupie nie mog\u0105 przyj\u015b\u0107 na zaj\u0119cia z r\u00f3\u017cnych powod\u00f3w. Jak zdefiniowa\u0107 zaj\u0119cia w systemie, aby ka\u017cdy kursant m\u00f3g\u0142 dogodnie ucz\u0119szcza\u0107 na zaj\u0119cia?"},"content":{"rendered":"","protected":false},"excerpt":{"rendered":"","protected":false},"author":1,"featured_media":0,"parent":11,"menu_order":0,"comment_status":"closed","ping_status":"closed","template":"","meta":{"_acf_changed":false,"footnotes":""},"categories":[13,3],"tags":[],"class_list":["post-2992","page","type-page","status-publish","hentry","category-porady-i-wskazowki","category-sekretariat"],"acf":[],"_links":{"self":[{"href":"https:\/\/help.langlion.com\/pl\/wp-json\/wp\/v2\/pages\/2992"}],"collection":[{"href":"https:\/\/help.langlion.com\/pl\/wp-json\/wp\/v2\/pages"}],"about":[{"href":"https:\/\/help.langlion.com\/pl\/wp-json\/wp\/v2\/types\/page"}],"author":[{"embeddable":true,"href":"https:\/\/help.langlion.com\/pl\/wp-json\/wp\/v2\/users\/1"}],"replies":[{"embeddable":true,"href":"https:\/\/help.langlion.com\/pl\/wp-json\/wp\/v2\/comments?post=2992"}],"version-history":[{"count":6,"href":"https:\/\/help.langlion.com\/pl\/wp-json\/wp\/v2\/pages\/2992\/revisions"}],"predecessor-version":[{"id":7832,"href":"https:\/\/help.langlion.com\/pl\/wp-json\/wp\/v2\/pages\/2992\/revisions\/7832"}],"up":[{"embeddable":true,"href":"https:\/\/help.langlion.com\/pl\/wp-json\/wp\/v2\/pages\/11"}],"wp:attachment":[{"href":"https:\/\/help.langlion.com\/pl\/wp-json\/wp\/v2\/media?parent=2992"}],"wp:term":[{"taxonomy":"category","embeddable":true,"href":"https:\/\/help.langlion.com\/pl\/wp-json\/wp\/v2\/categories?post=2992"},{"taxonomy":"post_tag","embeddable":true,"href":"https:\/\/help.langlion.com\/pl\/wp-json\/wp\/v2\/tags?post=2992"}],"curies":[{"name":"wp","href":"https:\/\/api.w.org\/{rel}","templated":true}]}}